{"id":72,"date":"2025-12-15T16:53:56","date_gmt":"2025-12-15T16:53:56","guid":{"rendered":"https:\/\/aina-medizinabrechnung.de\/?page_id=72"},"modified":"2025-12-19T12:04:59","modified_gmt":"2025-12-19T12:04:59","slug":"performance","status":"publish","type":"page","link":"https:\/\/aina-medizinabrechnung.de\/?page_id=72","title":{"rendered":"Performance"},"content":{"rendered":"\t\t<div data-elementor-type=\"wp-page\" data-elementor-id=\"72\" class=\"elementor elementor-72\" data-elementor-post-type=\"page\">\n\t\t\t\t<div class=\"elementor-element elementor-element-481a9a31 e-con-full e-flex e-con e-parent\" data-id=\"481a9a31\" data-element_type=\"container\" data-settings=\"{&quot;background_background&quot;:&quot;classic&quot;}\">\n\t\t\t\t<\/div>\n\t\t<div class=\"elementor-element elementor-element-52386eec e-con-full e-flex e-con e-parent\" data-id=\"52386eec\" data-element_type=\"container\" data-settings=\"{&quot;background_background&quot;:&quot;gradient&quot;,&quot;sticky_on&quot;:[&quot;desktop&quot;,&quot;tablet&quot;],&quot;sticky&quot;:&quot;top&quot;,&quot;sticky_offset&quot;:102,&quot;sticky_effects_offset&quot;:0,&quot;sticky_anchor_link_offset&quot;:0}\">\n\t\t<div class=\"elementor-element elementor-element-2a41dbad e-con-full e-flex e-con e-child\" data-id=\"2a41dbad\" data-element_type=\"container\">\n\t\t\t\t<div class=\"elementor-element elementor-element-1f70744b elementor-nav-menu__align-center elementor-nav-menu--dropdown-none elementor-widget elementor-widget-nav-menu\" data-id=\"1f70744b\" data-element_type=\"widget\" data-settings=\"{&quot;layout&quot;:&quot;horizontal&quot;,&quot;submenu_icon&quot;:{&quot;value&quot;:&quot;&lt;svg aria-hidden=\\&quot;true\\&quot; class=\\&quot;e-font-icon-svg e-fas-caret-down\\&quot; viewBox=\\&quot;0 0 320 512\\&quot; xmlns=\\&quot;http:\\\/\\\/www.w3.org\\\/2000\\\/svg\\&quot;&gt;&lt;path d=\\&quot;M31.3 192h257.3c17.8 0 26.7 21.5 14.1 34.1L174.1 354.8c-7.8 7.8-20.5 7.8-28.3 0L17.2 226.1C4.6 213.5 13.5 192 31.3 192z\\&quot;&gt;&lt;\\\/path&gt;&lt;\\\/svg&gt;&quot;,&quot;library&quot;:&quot;fa-solid&quot;}}\" data-widget_type=\"nav-menu.default\">\n\t\t\t\t\t\t\t\t<nav aria-label=\"Menu\" class=\"elementor-nav-menu--main elementor-nav-menu__container elementor-nav-menu--layout-horizontal e--pointer-none\">\r\n\t\t\t\t<ul id=\"menu-1-1f70744b\" class=\"elementor-nav-menu\"><li class=\"menu-item menu-item-type-post_type menu-item-object-page menu-item-169\"><a href=\"https:\/\/aina-medizinabrechnung.de\/?page_id=72\" class=\"elementor-item\">Performance<\/a><\/li>\n<li class=\"menu-item menu-item-type-post_type menu-item-object-page menu-item-167\"><a href=\"https:\/\/aina-medizinabrechnung.de\/?page_id=139\" class=\"elementor-item\">AINA Wissen<\/a><\/li>\n<li class=\"menu-item menu-item-type-post_type menu-item-object-page menu-item-168\"><a href=\"https:\/\/aina-medizinabrechnung.de\/?page_id=117\" class=\"elementor-item\">AINA HON<\/a><\/li>\n<li class=\"menu-item menu-item-type-post_type menu-item-object-page menu-item-166\"><a href=\"https:\/\/aina-medizinabrechnung.de\/?page_id=149\" class=\"elementor-item\">Teamcoach<\/a><\/li>\n<li class=\"menu-item menu-item-type-post_type menu-item-object-page menu-item-165\"><a href=\"https:\/\/aina-medizinabrechnung.de\/?page_id=154\" class=\"elementor-item\">AINA Solution<\/a><\/li>\n<li class=\"menu-item menu-item-type-post_type menu-item-object-page menu-item-164\"><a href=\"https:\/\/aina-medizinabrechnung.de\/?page_id=159\" class=\"elementor-item\">AINA 4U<\/a><\/li>\n<\/ul>\t\t\t<\/nav>\r\n\t\t\t\t\t\t<nav class=\"elementor-nav-menu--dropdown elementor-nav-menu__container\" aria-hidden=\"true\">\r\n\t\t\t\t<ul id=\"menu-2-1f70744b\" class=\"elementor-nav-menu\"><li class=\"menu-item menu-item-type-post_type menu-item-object-page menu-item-169\"><a href=\"https:\/\/aina-medizinabrechnung.de\/?page_id=72\" class=\"elementor-item\" tabindex=\"-1\">Performance<\/a><\/li>\n<li class=\"menu-item menu-item-type-post_type menu-item-object-page menu-item-167\"><a href=\"https:\/\/aina-medizinabrechnung.de\/?page_id=139\" class=\"elementor-item\" tabindex=\"-1\">AINA Wissen<\/a><\/li>\n<li class=\"menu-item menu-item-type-post_type menu-item-object-page menu-item-168\"><a href=\"https:\/\/aina-medizinabrechnung.de\/?page_id=117\" class=\"elementor-item\" tabindex=\"-1\">AINA HON<\/a><\/li>\n<li class=\"menu-item menu-item-type-post_type menu-item-object-page menu-item-166\"><a href=\"https:\/\/aina-medizinabrechnung.de\/?page_id=149\" class=\"elementor-item\" tabindex=\"-1\">Teamcoach<\/a><\/li>\n<li class=\"menu-item menu-item-type-post_type menu-item-object-page menu-item-165\"><a href=\"https:\/\/aina-medizinabrechnung.de\/?page_id=154\" class=\"elementor-item\" tabindex=\"-1\">AINA Solution<\/a><\/li>\n<li class=\"menu-item menu-item-type-post_type menu-item-object-page menu-item-164\"><a href=\"https:\/\/aina-medizinabrechnung.de\/?page_id=159\" class=\"elementor-item\" tabindex=\"-1\">AINA 4U<\/a><\/li>\n<\/ul>\t\t\t<\/nav>\r\n\t\t\t\t\t\t<\/div>\n\t\t\t\t<\/div>\n\t\t\t\t<\/div>\n\t\t<div class=\"elementor-element elementor-element-6dd5a342 e-flex e-con-boxed e-con e-parent\" data-id=\"6dd5a342\" data-element_type=\"container\" data-settings=\"{&quot;background_background&quot;:&quot;classic&quot;}\">\n\t\t\t\t\t<div class=\"e-con-inner\">\n\t\t\t\t<div class=\"elementor-element elementor-element-50bb0128 elementor-widget elementor-widget-spacer\" data-id=\"50bb0128\" data-element_type=\"widget\" data-widget_type=\"spacer.default\">\n\t\t\t\t\t\t\t<div class=\"elementor-spacer\">\n\t\t\t<div class=\"elementor-spacer-inner\"><\/div>\n\t\t<\/div>\n\t\t\t\t\t\t<\/div>\n\t\t\t\t<div class=\"elementor-element elementor-element-c5fca71 elementor-widget elementor-widget-heading\" data-id=\"c5fca71\" data-element_type=\"widget\" data-widget_type=\"heading.default\">\n\t\t\t\t\t<h2 class=\"elementor-heading-title elementor-size-default\">AINA Performance<\/h2>\t\t\t\t<\/div>\n\t\t\t\t<div class=\"elementor-element elementor-element-7f94767 elementor-widget elementor-widget-spacer\" data-id=\"7f94767\" data-element_type=\"widget\" data-widget_type=\"spacer.default\">\n\t\t\t\t\t\t\t<div class=\"elementor-spacer\">\n\t\t\t<div class=\"elementor-spacer-inner\"><\/div>\n\t\t<\/div>\n\t\t\t\t\t\t<\/div>\n\t\t\t\t<div class=\"elementor-element elementor-element-1dedc207 elementor-widget elementor-widget-text-editor\" data-id=\"1dedc207\" data-element_type=\"widget\" data-widget_type=\"text-editor.default\">\n\t\t\t\t\t\t\t\t\t<ul class=\"font_8 font_5 wixui-rich-text__text\"><li class=\"wixui-rich-text__text\"><p class=\"font_5 wixui-rich-text__text\"><span class=\"wixui-rich-text__text\">Abrechnungswesen ist eine eigene Disziplin, die Therapien in einer verst\u00e4ndlichen Weise in Zifferncodes nach den jeweiligen Geb\u00fchrenordnungen (GO\u00c4`96, GOZ, DRG, DKG-NT, EBM-IGeL) abbildet &#8211; immer in dem Gedanken, dass Arzt und Patient mit Versicherungen und Beh\u00f6rden hier einen &#8220;gemeinsamen Nenner&#8221; finden. Daf\u00fcr denken wir auch gern mal &#8220;outside the box&#8221;.<\/span><\/p><\/li><\/ul><ul class=\"font_8 font_5 wixui-rich-text__text\"><li class=\"wixui-rich-text__text\"><p class=\"font_8 wixui-rich-text__text\"><span class=\"wixui-rich-text__text\">In unserem \u00c4rzteteam vereinigen sich 17<\/span><span class=\"wixui-rich-text__text\">2 Jahre medizinisches Wissen. Wir sind fest im medizinischen Denken und Handeln verankert und sehen den Sinn der AINA in der Weitergabe unseres Wissens an unsere Kolleginnen und Kollegen in der \u00c4rzteschaft.\u00a0<\/span><\/p><\/li><\/ul><ul class=\"font_8 font_5 wixui-rich-text__text\"><li class=\"wixui-rich-text__text\"><p class=\"font_8 wixui-rich-text__text\"><span class=\"wixui-rich-text__text\">Unsere 14 Mitarbeiterinnen und Mitarbeiter sind erfahrene SpezialistInnen in ihren Arbeitsgebieten \u2013<\/span><\/p><ul class=\"font_8 font_5 wixui-rich-text__text\"><li class=\"wixui-rich-text__text\"><p class=\"font_8 wixui-rich-text__text\"><span class=\"wixui-rich-text__text\">in der Umsetzung des Geb\u00fchrenrechts in korrekte Liquidationen,<\/span><\/p><\/li><li class=\"wixui-rich-text__text\"><p class=\"font_8 wixui-rich-text__text\"><span class=\"wixui-rich-text__text\">im Coaching Ihrer Teams und Abteilungen;<\/span><\/p><\/li><li class=\"wixui-rich-text__text\"><p class=\"font_8 wixui-rich-text__text\"><span class=\"wixui-rich-text__text\">in der Bearbeitung von Widerspr\u00fcchen und Streitbeilegung mit Versicherungen;<\/span><\/p><\/li><li class=\"wixui-rich-text__text\"><p class=\"font_8 wixui-rich-text__text\"><span class=\"wixui-rich-text__text\">in der Betreuung Ihrer Patientinnen und Patienten in allen Fragen einschlie\u00dflich individuellen L\u00f6sung von Zahlungsproblemen,<\/span><\/p><\/li><li class=\"wixui-rich-text__text\"><p class=\"font_8 wixui-rich-text__text\"><span class=\"wixui-rich-text__text\">In der IT-gest\u00fctzter Buchhaltung in zertifizierten und mehrfach gesicherten Systemen, die kontinuierlich gepr\u00fcft werden\u00a0<\/span><\/p><\/li><\/ul><\/li><\/ul><ul class=\"font_8 wixui-rich-text__text\"><li class=\"wixui-rich-text__text\"><p class=\"font_8 wixui-rich-text__text\"><span class=\"wixui-rich-text__text\">Innovative Programme, online-L\u00f6sungen und interaktive Module sind &#8220;state of the art&#8221; \u2013 aber gerade in Zeiten der Digitalisierung liegen uns der pers\u00f6nliche Kontakt und die Vernetzung der Partner im Gesundheitswesen ganz besonders am Herzen.<\/span><\/p><\/li><\/ul><ul class=\"font_8 wixui-rich-text__text\"><li class=\"wixui-rich-text__text\"><p class=\"font_8 wixui-rich-text__text\"><span class=\"wixui-rich-text__text\">Wir betreuen aktuell 34 ambulante Zentren und weitere 21 Praxen sowie 8 Kliniken mit 29 Abteilungen.\u00a0Weitere 12 Kliniken und 35 Praxen und Zentren sollen in den kommenden Monaten in die Betreuung \u00fcbernommen werden.\u00a0<\/span><\/p><\/li><\/ul>\t\t\t\t\t\t\t\t<\/div>\n\t\t\t\t<div class=\"elementor-element elementor-element-cadc7a8 elementor-widget elementor-widget-spacer\" data-id=\"cadc7a8\" data-element_type=\"widget\" data-widget_type=\"spacer.default\">\n\t\t\t\t\t\t\t<div class=\"elementor-spacer\">\n\t\t\t<div class=\"elementor-spacer-inner\"><\/div>\n\t\t<\/div>\n\t\t\t\t\t\t<\/div>\n\t\t\t\t<div class=\"elementor-element elementor-element-49108afe elementor-widget elementor-widget-spacer\" data-id=\"49108afe\" data-element_type=\"widget\" data-widget_type=\"spacer.default\">\n\t\t\t\t\t\t\t<div class=\"elementor-spacer\">\n\t\t\t<div class=\"elementor-spacer-inner\"><\/div>\n\t\t<\/div>\n\t\t\t\t\t\t<\/div>\n\t\t\t\t\t<\/div>\n\t\t\t\t<\/div>\n\t\t\t\t<\/div>\n\t\t","protected":false},"excerpt":{"rendered":"<p>AINA Performance Abrechnungswesen ist eine eigene Disziplin, die Therapien in einer verst\u00e4ndlichen Weise in Zifferncodes nach den jeweiligen Geb\u00fchrenordnungen (GO\u00c4`96, GOZ, DRG, DKG-NT, EBM-IGeL) abbildet &#8211; immer in dem Gedanken, dass Arzt und Patient mit Versicherungen und Beh\u00f6rden hier einen &#8220;gemeinsamen Nenner&#8221; finden. Daf\u00fcr denken wir auch gern mal &#8220;outside the box&#8221;. In unserem \u00c4rzteteam [&hellip;]<\/p>\n","protected":false},"author":1,"featured_media":0,"parent":0,"menu_order":0,"comment_status":"closed","ping_status":"closed","template":"","meta":{"inline_featured_image":false,"footnotes":""},"class_list":["post-72","page","type-page","status-publish","hentry"],"_links":{"self":[{"href":"https:\/\/aina-medizinabrechnung.de\/index.php?rest_route=\/wp\/v2\/pages\/72","targetHints":{"allow":["GET"]}}],"collection":[{"href":"https:\/\/aina-medizinabrechnung.de\/index.php?rest_route=\/wp\/v2\/pages"}],"about":[{"href":"https:\/\/aina-medizinabrechnung.de\/index.php?rest_route=\/wp\/v2\/types\/page"}],"author":[{"embeddable":true,"href":"https:\/\/aina-medizinabrechnung.de\/index.php?rest_route=\/wp\/v2\/users\/1"}],"replies":[{"embeddable":true,"href":"https:\/\/aina-medizinabrechnung.de\/index.php?rest_route=%2Fwp%2Fv2%2Fcomments&post=72"}],"version-history":[{"count":40,"href":"https:\/\/aina-medizinabrechnung.de\/index.php?rest_route=\/wp\/v2\/pages\/72\/revisions"}],"predecessor-version":[{"id":506,"href":"https:\/\/aina-medizinabrechnung.de\/index.php?rest_route=\/wp\/v2\/pages\/72\/revisions\/506"}],"wp:attachment":[{"href":"https:\/\/aina-medizinabrechnung.de\/index.php?rest_route=%2Fwp%2Fv2%2Fmedia&parent=72"}],"curies":[{"name":"wp","href":"https:\/\/api.w.org\/{rel}","templated":true}]}}