{"id":38,"date":"2025-12-15T14:40:03","date_gmt":"2025-12-15T14:40:03","guid":{"rendered":"https:\/\/aina-medizinabrechnung.de\/?page_id=38"},"modified":"2025-12-19T12:05:36","modified_gmt":"2025-12-19T12:05:36","slug":"startseite","status":"publish","type":"page","link":"https:\/\/aina-medizinabrechnung.de\/","title":{"rendered":"Startseite"},"content":{"rendered":"\t\t<div data-elementor-type=\"wp-page\" data-elementor-id=\"38\" class=\"elementor elementor-38\" data-elementor-post-type=\"page\">\n\t\t\t\t<div class=\"elementor-element elementor-element-e217dc6 e-con-full e-flex e-con e-parent\" data-id=\"e217dc6\" data-element_type=\"container\" data-settings=\"{&quot;background_background&quot;:&quot;classic&quot;}\">\n\t\t\t\t<div class=\"elementor-element elementor-element-7ab9951 elementor-widget elementor-widget-heading\" data-id=\"7ab9951\" data-element_type=\"widget\" data-widget_type=\"heading.default\">\n\t\t\t\t\t<h2 class=\"elementor-heading-title elementor-size-default\">Es ist Zeit f\u00fcr einen<br>Paradigmenwechsel<\/h2>\t\t\t\t<\/div>\n\t\t\t\t<\/div>\n\t\t<div class=\"elementor-element elementor-element-107032a e-flex e-con-boxed e-con e-parent\" data-id=\"107032a\" data-element_type=\"container\" data-settings=\"{&quot;background_background&quot;:&quot;classic&quot;}\">\n\t\t\t\t\t<div class=\"e-con-inner\">\n\t\t\t\t<div class=\"elementor-element elementor-element-4a69fb4 elementor-widget elementor-widget-spacer\" data-id=\"4a69fb4\" data-element_type=\"widget\" data-widget_type=\"spacer.default\">\n\t\t\t\t\t\t\t<div class=\"elementor-spacer\">\n\t\t\t<div class=\"elementor-spacer-inner\"><\/div>\n\t\t<\/div>\n\t\t\t\t\t\t<\/div>\n\t\t\t\t<div class=\"elementor-element elementor-element-c007e58 elementor-widget elementor-widget-text-editor\" data-id=\"c007e58\" data-element_type=\"widget\" data-widget_type=\"text-editor.default\">\n\t\t\t\t\t\t\t\t\t<p>AINA ist eine bundesweite, \u00e4rztliche Gemeinschaft mit geb\u00fcndeltem Fachwissen f\u00fcr Sie und Ihre PatientInnen. Ihre Honorarzahlungen werden direkt auf Ihr pers\u00f6nliches Konto \u00fcberwiesen.<\/p><p>AINA sorgt f\u00fcr ein perfektes Management, zufriedene PatientInnen, rechtssichere Abrechnungen und 100% Sicherheit f\u00fcr Sie!<\/p>\t\t\t\t\t\t\t\t<\/div>\n\t\t\t\t<div class=\"elementor-element elementor-element-b5d4ce1 elementor-widget elementor-widget-spacer\" data-id=\"b5d4ce1\" data-element_type=\"widget\" data-widget_type=\"spacer.default\">\n\t\t\t\t\t\t\t<div class=\"elementor-spacer\">\n\t\t\t<div class=\"elementor-spacer-inner\"><\/div>\n\t\t<\/div>\n\t\t\t\t\t\t<\/div>\n\t\t\t\t\t<\/div>\n\t\t\t\t<\/div>\n\t\t<div class=\"elementor-element elementor-element-fad5f0d e-flex e-con-boxed e-con e-parent\" data-id=\"fad5f0d\" data-element_type=\"container\" data-settings=\"{&quot;background_background&quot;:&quot;classic&quot;}\">\n\t\t\t\t\t<div class=\"e-con-inner\">\n\t\t\t\t<div class=\"elementor-element elementor-element-83a632f elementor-widget elementor-widget-spacer\" data-id=\"83a632f\" data-element_type=\"widget\" data-widget_type=\"spacer.default\">\n\t\t\t\t\t\t\t<div class=\"elementor-spacer\">\n\t\t\t<div class=\"elementor-spacer-inner\"><\/div>\n\t\t<\/div>\n\t\t\t\t\t\t<\/div>\n\t\t\t\t<div class=\"elementor-element elementor-element-d3d7505 elementor-widget elementor-widget-heading\" data-id=\"d3d7505\" data-element_type=\"widget\" data-widget_type=\"heading.default\">\n\t\t\t\t\t<h2 class=\"elementor-heading-title elementor-size-default\">Dienstleistungen f\u00fcr \u00c4rzte\/innen und PatientInnen<\/h2>\t\t\t\t<\/div>\n\t\t<div class=\"elementor-element elementor-element-d12cefb e-grid e-con-full e-con e-child\" data-id=\"d12cefb\" data-element_type=\"container\" data-settings=\"{&quot;background_background&quot;:&quot;classic&quot;}\">\n\t\t<div class=\"elementor-element elementor-element-c95d85c e-con-full e-flex e-con e-child\" data-id=\"c95d85c\" data-element_type=\"container\" data-settings=\"{&quot;background_background&quot;:&quot;classic&quot;}\">\n\t\t\t\t<div class=\"elementor-element elementor-element-ed4e347 elementor-widget elementor-widget-text-editor\" data-id=\"ed4e347\" data-element_type=\"widget\" data-widget_type=\"text-editor.default\">\n\t\t\t\t\t\t\t\t\t<p>AINA HON<\/p>\t\t\t\t\t\t\t\t<\/div>\n\t\t\t\t<div class=\"elementor-element elementor-element-e0d89d9 elementor-widget elementor-widget-text-editor\" data-id=\"e0d89d9\" data-element_type=\"widget\" data-widget_type=\"text-editor.default\">\n\t\t\t\t\t\t\t\t\t<p>medizinisch fundierte und rechtssichere Abrechnung<\/p>\t\t\t\t\t\t\t\t<\/div>\n\t\t\t\t<\/div>\n\t\t<div class=\"elementor-element elementor-element-f1191fc e-con-full e-flex e-con e-child\" data-id=\"f1191fc\" data-element_type=\"container\" data-settings=\"{&quot;background_background&quot;:&quot;classic&quot;}\">\n\t\t\t\t<div class=\"elementor-element elementor-element-ed1f03c elementor-widget elementor-widget-text-editor\" data-id=\"ed1f03c\" data-element_type=\"widget\" data-widget_type=\"text-editor.default\">\n\t\t\t\t\t\t\t\t\t<p>AINA WISSEN<\/p>\t\t\t\t\t\t\t\t<\/div>\n\t\t\t\t<div class=\"elementor-element elementor-element-df6cc2d elementor-widget elementor-widget-text-editor\" data-id=\"df6cc2d\" data-element_type=\"widget\" data-widget_type=\"text-editor.default\">\n\t\t\t\t\t\t\t\t\t<p>Geb\u00fchrenrechtsberatung\u00a0<br \/>GO\u00c4, UV-GO\u00c4, GOZ, DRG, EBM durch das \u00c4rzteteam<\/p>\t\t\t\t\t\t\t\t<\/div>\n\t\t\t\t<\/div>\n\t\t<div class=\"elementor-element elementor-element-8883aeb e-con-full e-flex e-con e-child\" data-id=\"8883aeb\" data-element_type=\"container\" data-settings=\"{&quot;background_background&quot;:&quot;classic&quot;}\">\n\t\t\t\t<div class=\"elementor-element elementor-element-8707351 elementor-widget elementor-widget-text-editor\" data-id=\"8707351\" data-element_type=\"widget\" data-widget_type=\"text-editor.default\">\n\t\t\t\t\t\t\t\t\t<p>AINA SOLUTION<\/p>\t\t\t\t\t\t\t\t<\/div>\n\t\t\t\t<div class=\"elementor-element elementor-element-ba035b6 elementor-widget elementor-widget-text-editor\" data-id=\"ba035b6\" data-element_type=\"widget\" data-widget_type=\"text-editor.default\">\n\t\t\t\t\t\t\t\t\t<p>Geb\u00fchrenrechtsberatung\u00a0<br \/>GO\u00c4, UV-GO\u00c4, GOZ, DRG, EBM durch das \u00c4rzteteam<\/p>\t\t\t\t\t\t\t\t<\/div>\n\t\t\t\t<\/div>\n\t\t<div class=\"elementor-element elementor-element-6c156ac e-con-full e-flex e-con e-child\" data-id=\"6c156ac\" data-element_type=\"container\" data-settings=\"{&quot;background_background&quot;:&quot;classic&quot;}\">\n\t\t\t\t<div class=\"elementor-element elementor-element-6fe7c74 elementor-widget elementor-widget-text-editor\" data-id=\"6fe7c74\" data-element_type=\"widget\" data-widget_type=\"text-editor.default\">\n\t\t\t\t\t\t\t\t\t<p>AINA CARE<\/p>\t\t\t\t\t\t\t\t<\/div>\n\t\t\t\t<div class=\"elementor-element elementor-element-48b6739 elementor-widget elementor-widget-text-editor\" data-id=\"48b6739\" data-element_type=\"widget\" data-widget_type=\"text-editor.default\">\n\t\t\t\t\t\t\t\t\t<p>Patientenbetreuung und individuelles Forderungsmanagement<\/p>\t\t\t\t\t\t\t\t<\/div>\n\t\t\t\t<\/div>\n\t\t<div class=\"elementor-element elementor-element-3299dc2 e-con-full e-flex e-con e-child\" data-id=\"3299dc2\" data-element_type=\"container\" data-settings=\"{&quot;background_background&quot;:&quot;classic&quot;}\">\n\t\t\t\t<div class=\"elementor-element elementor-element-d8ae2bc elementor-widget elementor-widget-text-editor\" data-id=\"d8ae2bc\" data-element_type=\"widget\" data-widget_type=\"text-editor.default\">\n\t\t\t\t\t\t\t\t\t<p>AINA AKADEMIE<\/p>\t\t\t\t\t\t\t\t<\/div>\n\t\t\t\t<div class=\"elementor-element elementor-element-96e0849 elementor-widget elementor-widget-text-editor\" data-id=\"96e0849\" data-element_type=\"widget\" data-widget_type=\"text-editor.default\">\n\t\t\t\t\t\t\t\t\t<p>Intensiv-Fortbildungen f\u00fcr Praxisteams, Chef\u00e4rzte\/Innen und Klinikverwaltungen<\/p>\t\t\t\t\t\t\t\t<\/div>\n\t\t\t\t<\/div>\n\t\t<div class=\"elementor-element elementor-element-a839336 e-con-full e-flex e-con e-child\" data-id=\"a839336\" data-element_type=\"container\" data-settings=\"{&quot;background_background&quot;:&quot;classic&quot;}\">\n\t\t\t\t<div class=\"elementor-element elementor-element-2dba4c9 elementor-widget elementor-widget-text-editor\" data-id=\"2dba4c9\" data-element_type=\"widget\" data-widget_type=\"text-editor.default\">\n\t\t\t\t\t\t\t\t\t<p>AINA DOKU<\/p>\t\t\t\t\t\t\t\t<\/div>\n\t\t\t\t<div class=\"elementor-element elementor-element-1ba1b45 elementor-widget elementor-widget-text-editor\" data-id=\"1ba1b45\" data-element_type=\"widget\" data-widget_type=\"text-editor.default\">\n\t\t\t\t\t\t\t\t\t<p>Dokumentations-management in Praxis und Klinik<\/p>\t\t\t\t\t\t\t\t<\/div>\n\t\t\t\t<\/div>\n\t\t\t\t<\/div>\n\t\t\t\t\t<\/div>\n\t\t\t\t<\/div>\n\t\t<div class=\"elementor-element elementor-element-bc4f198 e-flex e-con-boxed e-con e-parent\" data-id=\"bc4f198\" data-element_type=\"container\">\n\t\t\t\t\t<div class=\"e-con-inner\">\n\t\t\t\t<div class=\"elementor-element elementor-element-a015695 elementor-widget elementor-widget-spacer\" data-id=\"a015695\" data-element_type=\"widget\" data-widget_type=\"spacer.default\">\n\t\t\t\t\t\t\t<div class=\"elementor-spacer\">\n\t\t\t<div class=\"elementor-spacer-inner\"><\/div>\n\t\t<\/div>\n\t\t\t\t\t\t<\/div>\n\t\t\t\t<div class=\"elementor-element elementor-element-326bac0 elementor-widget elementor-widget-heading\" data-id=\"326bac0\" data-element_type=\"widget\" data-widget_type=\"heading.default\">\n\t\t\t\t\t<h2 class=\"elementor-heading-title elementor-size-default\">Das sagen unsere Mitglieder<\/h2>\t\t\t\t<\/div>\n\t\t\t\t<div class=\"elementor-element elementor-element-476a705 elementor-testimonial--skin-default elementor-testimonial--layout-image_inline elementor-testimonial--align-center elementor-arrows-yes elementor-pagination-type-bullets elementor-widget elementor-widget-testimonial-carousel\" data-id=\"476a705\" data-element_type=\"widget\" data-settings=\"{&quot;show_arrows&quot;:&quot;yes&quot;,&quot;pagination&quot;:&quot;bullets&quot;,&quot;speed&quot;:500,&quot;loop&quot;:&quot;yes&quot;,&quot;space_between&quot;:{&quot;unit&quot;:&quot;px&quot;,&quot;size&quot;:10,&quot;sizes&quot;:[]},&quot;space_between_tablet&quot;:{&quot;unit&quot;:&quot;px&quot;,&quot;size&quot;:10,&quot;sizes&quot;:[]},&quot;space_between_mobile&quot;:{&quot;unit&quot;:&quot;px&quot;,&quot;size&quot;:10,&quot;sizes&quot;:[]}}\" data-widget_type=\"testimonial-carousel.default\">\n\t\t\t\t\t\t\t\t\t\t<div class=\"elementor-main-swiper swiper\" role=\"region\" aria-roledescription=\"carousel\" aria-label=\"Slides\">\r\n\t\t\t\t<div class=\"swiper-wrapper\">\r\n\t\t\t\t\t\t\t\t\t\t\t<div class=\"swiper-slide\" role=\"group\" aria-roledescription=\"slide\">\r\n\t\t\t\t\t\t\t\t\t<div class=\"elementor-testimonial\">\r\n\t\t\t\t\t\t\t<div class=\"elementor-testimonial__content\">\r\n\t\t\t\t\t<div class=\"elementor-testimonial__text\">\r\n\t\t\t\t\t\t\"Wie dankbar meine Mitarbeiter sind, nicht mehr mit Verwaltungsroutinen belastet zu sein, kriege ich praktisch t\u00e4glich zu sp\u00fcren. Und mittelbar nat\u00fcrlich auch meine Patienten. Das ganze Arbeitsklima in der Praxis hat sich gebessert.\"\t\t\t\t\t<\/div>\r\n\t\t\t\t\t\t\t\t\t<\/div>\r\n\t\t\t\t\t\t<div class=\"elementor-testimonial__footer\">\r\n\t\t\t\t\t\t\t\t<cite class=\"elementor-testimonial__cite\"><span class=\"elementor-testimonial__name\">Dr. med. Irena H. Augen\u00e4rztin<\/span><\/cite>\t\t\t<\/div>\r\n\t\t<\/div>\r\n\t\t\t\t\t\t\t\t<\/div>\r\n\t\t\t\t\t\t\t\t\t\t\t<div class=\"swiper-slide\" role=\"group\" aria-roledescription=\"slide\">\r\n\t\t\t\t\t\t\t\t\t<div class=\"elementor-testimonial\">\r\n\t\t\t\t\t\t\t<div class=\"elementor-testimonial__content\">\r\n\t\t\t\t\t<div class=\"elementor-testimonial__text\">\r\n\t\t\t\t\t\t\"Bei vielen R\u00fcckfragen braucht es einfach die Fachkenntnis eines Arztes. Bei AINA hat man die, bei anderen nicht. So einfach ist das.\" \t\t\t\t\t<\/div>\r\n\t\t\t\t\t\t\t\t\t<\/div>\r\n\t\t\t\t\t\t<div class=\"elementor-testimonial__footer\">\r\n\t\t\t\t\t\t\t\t<cite class=\"elementor-testimonial__cite\"><span class=\"elementor-testimonial__name\">Dr. med. Guido,  W.  Orthop\u00e4die<\/span><\/cite>\t\t\t<\/div>\r\n\t\t<\/div>\r\n\t\t\t\t\t\t\t\t<\/div>\r\n\t\t\t\t\t\t\t\t\t\t\t<div class=\"swiper-slide\" role=\"group\" aria-roledescription=\"slide\">\r\n\t\t\t\t\t\t\t\t\t<div class=\"elementor-testimonial\">\r\n\t\t\t\t\t\t\t<div class=\"elementor-testimonial__content\">\r\n\t\t\t\t\t<div class=\"elementor-testimonial__text\">\r\n\t\t\t\t\t\t\u201cNat\u00fcrlich muss die Leistung stimmen und der Preis aber bei AINA kommt noch etwas dazu: Der freundliche Ton. Wer dort anruft, ist willkommen und findet immer ein offenes Ohr. Das sp\u00fcrt man sofort - nicht nur ich, sondern auch meine Patienten. Und das ist nun wirklich unbezahlbar.\u201d\t\t\t\t\t<\/div>\r\n\t\t\t\t\t\t\t\t\t<\/div>\r\n\t\t\t\t\t\t<div class=\"elementor-testimonial__footer\">\r\n\t\t\t\t\t\t\t\t<cite class=\"elementor-testimonial__cite\"><span class=\"elementor-testimonial__name\">Dr. med. Martin K., Kinderarzt<\/span><\/cite>\t\t\t<\/div>\r\n\t\t<\/div>\r\n\t\t\t\t\t\t\t\t<\/div>\r\n\t\t\t\t\t\t\t\t\t<\/div>\r\n\t\t\t\t\t\t\t\t\t\t\t\t\t\t\t<div class=\"elementor-swiper-button elementor-swiper-button-prev\" role=\"button\" tabindex=\"0\" aria-label=\"Previous\">\r\n\t\t\t\t\t\t\t<svg aria-hidden=\"true\" class=\"e-font-icon-svg e-eicon-chevron-left\" viewBox=\"0 0 1000 1000\" xmlns=\"http:\/\/www.w3.org\/2000\/svg\"><path d=\"M646 125C629 125 613 133 604 142L308 442C296 454 292 471 292 487 292 504 296 521 308 533L604 854C617 867 629 875 646 875 663 875 679 871 692 858 704 846 713 829 713 812 713 796 708 779 692 767L438 487 692 225C700 217 708 204 708 187 708 171 704 154 692 142 675 129 663 125 646 125Z\"><\/path><\/svg>\t\t\t\t\t\t<\/div>\r\n\t\t\t\t\t\t<div class=\"elementor-swiper-button elementor-swiper-button-next\" role=\"button\" tabindex=\"0\" aria-label=\"Next\">\r\n\t\t\t\t\t\t\t<svg aria-hidden=\"true\" class=\"e-font-icon-svg e-eicon-chevron-right\" viewBox=\"0 0 1000 1000\" xmlns=\"http:\/\/www.w3.org\/2000\/svg\"><path d=\"M696 533C708 521 713 504 713 487 713 471 708 454 696 446L400 146C388 133 375 125 354 125 338 125 325 129 313 142 300 154 292 171 292 187 292 204 296 221 308 233L563 492 304 771C292 783 288 800 288 817 288 833 296 850 308 863 321 871 338 875 354 875 371 875 388 867 400 854L696 533Z\"><\/path><\/svg>\t\t\t\t\t\t<\/div>\r\n\t\t\t\t\t\t\t\t\t\t\t\t\t\t\t\t<div class=\"swiper-pagination\"><\/div>\r\n\t\t\t\t\t\t\t\t\t\t\t\t<\/div>\r\n\t\t\t\t\t\t\t\t<\/div>\n\t\t\t\t<div class=\"elementor-element elementor-element-7dcd57d elementor-widget elementor-widget-spacer\" data-id=\"7dcd57d\" data-element_type=\"widget\" data-widget_type=\"spacer.default\">\n\t\t\t\t\t\t\t<div class=\"elementor-spacer\">\n\t\t\t<div class=\"elementor-spacer-inner\"><\/div>\n\t\t<\/div>\n\t\t\t\t\t\t<\/div>\n\t\t\t\t\t<\/div>\n\t\t\t\t<\/div>\n\t\t<div class=\"elementor-element elementor-element-f9f48cd e-flex e-con-boxed e-con e-parent\" data-id=\"f9f48cd\" data-element_type=\"container\" data-settings=\"{&quot;background_background&quot;:&quot;classic&quot;}\">\n\t\t\t\t\t<div class=\"e-con-inner\">\n\t\t<div class=\"elementor-element elementor-element-c2087a9 e-grid e-con-full e-con e-child\" data-id=\"c2087a9\" data-element_type=\"container\">\n\t\t\t\t<div class=\"elementor-element elementor-element-7793281 elementor-widget elementor-widget-spacer\" data-id=\"7793281\" data-element_type=\"widget\" data-widget_type=\"spacer.default\">\n\t\t\t\t\t\t\t<div class=\"elementor-spacer\">\n\t\t\t<div class=\"elementor-spacer-inner\"><\/div>\n\t\t<\/div>\n\t\t\t\t\t\t<\/div>\n\t\t<div class=\"elementor-element elementor-element-d091c6d e-con-full e-flex e-con e-child\" data-id=\"d091c6d\" data-element_type=\"container\" data-settings=\"{&quot;background_background&quot;:&quot;classic&quot;}\">\n\t\t\t\t<div class=\"elementor-element elementor-element-ee9f667 elementor-widget elementor-widget-spacer\" data-id=\"ee9f667\" data-element_type=\"widget\" data-widget_type=\"spacer.default\">\n\t\t\t\t\t\t\t<div class=\"elementor-spacer\">\n\t\t\t<div class=\"elementor-spacer-inner\"><\/div>\n\t\t<\/div>\n\t\t\t\t\t\t<\/div>\n\t\t\t\t<div class=\"elementor-element elementor-element-9174c4c elementor-widget elementor-widget-heading\" data-id=\"9174c4c\" data-element_type=\"widget\" data-widget_type=\"heading.default\">\n\t\t\t\t\t<h2 class=\"elementor-heading-title elementor-size-default\">Auch Ihre Meinung<br>ist uns wichtig!<\/h2>\t\t\t\t<\/div>\n\t\t\t\t<div class=\"elementor-element elementor-element-7de81f0 elementor-widget elementor-widget-text-editor\" data-id=\"7de81f0\" data-element_type=\"widget\" data-widget_type=\"text-editor.default\">\n\t\t\t\t\t\t\t\t\t<p>Firmen und Praxen leben von der Meinung Ihrer Kunden. Doch leider sind heutige Bewertungen meist von schlechten Erfahrungen getrieben.<\/p><p>Das m\u00f6chten wir \u00e4ndern! Schauen Sie sich nicht auch Positives zu teilen, oder konstruktive Kritik zu \u00e4u\u00dfern.<\/p>\t\t\t\t\t\t\t\t<\/div>\n\t\t\t\t<div class=\"elementor-element elementor-element-dc433c3 elementor-align-left elementor-widget elementor-widget-button\" data-id=\"dc433c3\" data-element_type=\"widget\" data-widget_type=\"button.default\">\n\t\t\t\t\t\t\t\t\t\t<a class=\"elementor-button elementor-button-link elementor-size-sm\" href=\"http:\/\/Google\">\n\t\t\t\t\t\t<span class=\"elementor-button-content-wrapper\">\n\t\t\t\t\t\t\t\t\t<span class=\"elementor-button-text\">Jetzt auf Google Bewerten<\/span>\n\t\t\t\t\t<\/span>\n\t\t\t\t\t<\/a>\n\t\t\t\t\t\t\t\t<\/div>\n\t\t\t\t<div class=\"elementor-element elementor-element-eeef58a elementor-widget elementor-widget-spacer\" data-id=\"eeef58a\" data-element_type=\"widget\" data-widget_type=\"spacer.default\">\n\t\t\t\t\t\t\t<div class=\"elementor-spacer\">\n\t\t\t<div class=\"elementor-spacer-inner\"><\/div>\n\t\t<\/div>\n\t\t\t\t\t\t<\/div>\n\t\t\t\t<\/div>\n\t\t\t\t<\/div>\n\t\t\t\t\t<\/div>\n\t\t\t\t<\/div>\n\t\t\t\t<\/div>\n\t\t","protected":false},"excerpt":{"rendered":"<p>Es ist Zeit f\u00fcr einenParadigmenwechsel AINA ist eine bundesweite, \u00e4rztliche Gemeinschaft mit geb\u00fcndeltem Fachwissen f\u00fcr Sie und Ihre PatientInnen. Ihre Honorarzahlungen werden direkt auf Ihr pers\u00f6nliches Konto \u00fcberwiesen. AINA sorgt f\u00fcr ein perfektes Management, zufriedene PatientInnen, rechtssichere Abrechnungen und 100% Sicherheit f\u00fcr Sie! Dienstleistungen f\u00fcr \u00c4rzte\/innen und PatientInnen AINA HON medizinisch fundierte und rechtssichere Abrechnung [&hellip;]<\/p>\n","protected":false},"author":1,"featured_media":0,"parent":0,"menu_order":0,"comment_status":"closed","ping_status":"closed","template":"","meta":{"inline_featured_image":false,"footnotes":""},"class_list":["post-38","page","type-page","status-publish","hentry"],"_links":{"self":[{"href":"https:\/\/aina-medizinabrechnung.de\/index.php?rest_route=\/wp\/v2\/pages\/38","targetHints":{"allow":["GET"]}}],"collection":[{"href":"https:\/\/aina-medizinabrechnung.de\/index.php?rest_route=\/wp\/v2\/pages"}],"about":[{"href":"https:\/\/aina-medizinabrechnung.de\/index.php?rest_route=\/wp\/v2\/types\/page"}],"author":[{"embeddable":true,"href":"https:\/\/aina-medizinabrechnung.de\/index.php?rest_route=\/wp\/v2\/users\/1"}],"replies":[{"embeddable":true,"href":"https:\/\/aina-medizinabrechnung.de\/index.php?rest_route=%2Fwp%2Fv2%2Fcomments&post=38"}],"version-history":[{"count":40,"href":"https:\/\/aina-medizinabrechnung.de\/index.php?rest_route=\/wp\/v2\/pages\/38\/revisions"}],"predecessor-version":[{"id":509,"href":"https:\/\/aina-medizinabrechnung.de\/index.php?rest_route=\/wp\/v2\/pages\/38\/revisions\/509"}],"wp:attachment":[{"href":"https:\/\/aina-medizinabrechnung.de\/index.php?rest_route=%2Fwp%2Fv2%2Fmedia&parent=38"}],"curies":[{"name":"wp","href":"https:\/\/api.w.org\/{rel}","templated":true}]}}