{"id":320,"date":"2025-12-16T18:21:36","date_gmt":"2025-12-16T18:21:36","guid":{"rendered":"https:\/\/aina-medizinabrechnung.de\/?page_id=320"},"modified":"2025-12-19T11:56:50","modified_gmt":"2025-12-19T11:56:50","slug":"login","status":"publish","type":"page","link":"https:\/\/aina-medizinabrechnung.de\/?page_id=320","title":{"rendered":"Login"},"content":{"rendered":"\t\t<div data-elementor-type=\"wp-page\" data-elementor-id=\"320\" class=\"elementor elementor-320\" data-elementor-post-type=\"page\">\n\t\t\t\t<div class=\"elementor-element elementor-element-61207aec e-con-full e-flex e-con e-parent\" data-id=\"61207aec\" data-element_type=\"container\" data-settings=\"{&quot;background_background&quot;:&quot;classic&quot;}\">\n\t\t\t\t<\/div>\n\t\t<div class=\"elementor-element elementor-element-4a8c09b2 e-flex e-con-boxed e-con e-parent\" data-id=\"4a8c09b2\" data-element_type=\"container\" data-settings=\"{&quot;background_background&quot;:&quot;classic&quot;}\">\n\t\t\t\t\t<div class=\"e-con-inner\">\n\t\t\t\t<div class=\"elementor-element elementor-element-29b7e91c elementor-widget elementor-widget-spacer\" data-id=\"29b7e91c\" data-element_type=\"widget\" data-widget_type=\"spacer.default\">\n\t\t\t\t\t\t\t<div class=\"elementor-spacer\">\n\t\t\t<div class=\"elementor-spacer-inner\"><\/div>\n\t\t<\/div>\n\t\t\t\t\t\t<\/div>\n\t\t\t\t<div class=\"elementor-element elementor-element-18eb4558 elementor-widget elementor-widget-heading\" data-id=\"18eb4558\" data-element_type=\"widget\" data-widget_type=\"heading.default\">\n\t\t\t\t\t<h2 class=\"elementor-heading-title elementor-size-default\">\nDirekt zum AINA  Abrechnungsportal<\/h2>\t\t\t\t<\/div>\n\t\t\t\t<div class=\"elementor-element elementor-element-42d478c1 elementor-widget elementor-widget-text-editor\" data-id=\"42d478c1\" data-element_type=\"widget\" data-widget_type=\"text-editor.default\">\n\t\t\t\t\t\t\t\t\t<div id=\"comp-jx0d75gf\" class=\"Z_l5lU MMl86N zQ9jDz qvSjx3 Vq6kJx comp-jx0d75gf wixui-rich-text\" data-testid=\"richTextElement\" data-motion-enter=\"done\"><h3 class=\"font_5 wixui-rich-text__text\"><span class=\"wixui-rich-text__text\">Das Portal<\/span><\/h3><\/div><div id=\"comp-jx0bngnl\" class=\"Z_l5lU MMl86N zQ9jDz qvSjx3 Vq6kJx comp-jx0bngnl wixui-rich-text\" data-testid=\"richTextElement\" data-motion-enter=\"done\"><p class=\"font_8 wixui-rich-text__text\"><span class=\"wixui-rich-text__text\">In unserem Mandantenportal haben Sie die M\u00f6glichkeit, Rechnungen an uns zu \u00fcbergeben, Journale Ihrer bisherigen Ank\u00e4ufe einzusehen und Ihr Internetkonto zu verwalten.<\/span><\/p><\/div><div id=\"comp-jx0d7ggu\" class=\"Z_l5lU MMl86N zQ9jDz qvSjx3 Vq6kJx comp-jx0d7ggu wixui-rich-text\" data-testid=\"richTextElement\" data-motion-enter=\"done\"><h3 class=\"font_5 wixui-rich-text__text\"><span class=\"wixui-rich-text__text\">Anmeldung:<\/span><\/h3><\/div><div id=\"comp-jx0db9je\" class=\"Z_l5lU ku3DBC zQ9jDz qvSjx3 Vq6kJx comp-jx0db9je wixui-rich-text\" data-testid=\"richTextElement\" data-motion-enter=\"done\"><h5 class=\"font_5 wixui-rich-text__text\"><span class=\"wixui-rich-text__text\"><a class=\"wixui-rich-text__text\" href=\"https:\/\/4153176458.dracoon.cloud\/\" target=\"_blank\" rel=\"noreferrer noopener\">\u00bbBitte klicken sie hier, um sich in unserem Mandantenportal anzumelden.\u00ab<\/a><\/span><\/h5><\/div><div id=\"comp-jx0d9pne\" class=\"Z_l5lU MMl86N zQ9jDz qvSjx3 Vq6kJx comp-jx0d9pne wixui-rich-text\" data-testid=\"richTextElement\" data-motion-enter=\"done\"><p class=\"font_8 wixui-rich-text__text\"><span class=\"wixui-rich-text__text\">Es wird ein neues Fenster ge\u00f6ffnet und eine sichere Verbindung zur Daten\u00fcbertragung hergestellt.<\/span><\/p><\/div><div id=\"comp-jx0eeqgm\" class=\"Z_l5lU ku3DBC zQ9jDz qvSjx3 Vq6kJx comp-jx0eeqgm wixui-rich-text\" data-testid=\"richTextElement\" data-motion-enter=\"done\"><p class=\"font_8 wixui-rich-text__text\"><span class=\"wixui-rich-text__text\">Als Mandant von AINA k\u00f6nnen Sie Ihre gesamte Abrechnung online abwickeln. Unkompliziert und rund um die Uhr. Daf\u00fcr sorgt das AINA &#8211; Mandantenportal. Unser Portal ist DSGVO zertifiziert und durch mehrfache Verschl\u00fcsselungen gesichert.<\/span><\/p><p class=\"font_8 wixui-rich-text__text\"><span class=\"wixui-rich-text__text\">In ihm k\u00f6nnen Sie Ihre Rechnungen an uns \u00fcbergeben, Journale Ihrer bisherigen Buchungen einsehen und Ihr Mandantenkonto online verwalten. Sie haben Zugriff auf Formulare, die Sie sich auch als PDF oder CSV herunterladen k\u00f6nnen.\u00a0<\/span><\/p><p class=\"font_8 wixui-rich-text__text\"><span class=\"wixui-rich-text__text\">Die Zugangsdaten f\u00fcr Ihr pers\u00f6nliches AINA Portal erhalten Sie per Mail.<\/span><\/p><\/div>\t\t\t\t\t\t\t\t<\/div>\n\t\t\t\t<div class=\"elementor-element elementor-element-1f7f8d95 elementor-widget elementor-widget-spacer\" data-id=\"1f7f8d95\" data-element_type=\"widget\" data-widget_type=\"spacer.default\">\n\t\t\t\t\t\t\t<div class=\"elementor-spacer\">\n\t\t\t<div class=\"elementor-spacer-inner\"><\/div>\n\t\t<\/div>\n\t\t\t\t\t\t<\/div>\n\t\t\t\t\t<\/div>\n\t\t\t\t<\/div>\n\t\t\t\t<\/div>\n\t\t","protected":false},"excerpt":{"rendered":"<p>Direkt zum AINA Abrechnungsportal Das Portal In unserem Mandantenportal haben Sie die M\u00f6glichkeit, Rechnungen an uns zu \u00fcbergeben, Journale Ihrer bisherigen Ank\u00e4ufe einzusehen und Ihr Internetkonto zu verwalten. Anmeldung: \u00bbBitte klicken sie hier, um sich in unserem Mandantenportal anzumelden.\u00ab Es wird ein neues Fenster ge\u00f6ffnet und eine sichere Verbindung zur Daten\u00fcbertragung hergestellt. Als Mandant von [&hellip;]<\/p>\n","protected":false},"author":1,"featured_media":0,"parent":0,"menu_order":0,"comment_status":"closed","ping_status":"closed","template":"","meta":{"inline_featured_image":false,"footnotes":""},"class_list":["post-320","page","type-page","status-publish","hentry"],"_links":{"self":[{"href":"https:\/\/aina-medizinabrechnung.de\/index.php?rest_route=\/wp\/v2\/pages\/320","targetHints":{"allow":["GET"]}}],"collection":[{"href":"https:\/\/aina-medizinabrechnung.de\/index.php?rest_route=\/wp\/v2\/pages"}],"about":[{"href":"https:\/\/aina-medizinabrechnung.de\/index.php?rest_route=\/wp\/v2\/types\/page"}],"author":[{"embeddable":true,"href":"https:\/\/aina-medizinabrechnung.de\/index.php?rest_route=\/wp\/v2\/users\/1"}],"replies":[{"embeddable":true,"href":"https:\/\/aina-medizinabrechnung.de\/index.php?rest_route=%2Fwp%2Fv2%2Fcomments&post=320"}],"version-history":[{"count":10,"href":"https:\/\/aina-medizinabrechnung.de\/index.php?rest_route=\/wp\/v2\/pages\/320\/revisions"}],"predecessor-version":[{"id":478,"href":"https:\/\/aina-medizinabrechnung.de\/index.php?rest_route=\/wp\/v2\/pages\/320\/revisions\/478"}],"wp:attachment":[{"href":"https:\/\/aina-medizinabrechnung.de\/index.php?rest_route=%2Fwp%2Fv2%2Fmedia&parent=320"}],"curies":[{"name":"wp","href":"https:\/\/api.w.org\/{rel}","templated":true}]}}