{"id":297,"date":"2025-12-16T17:47:05","date_gmt":"2025-12-16T17:47:05","guid":{"rendered":"https:\/\/aina-medizinabrechnung.de\/?page_id=297"},"modified":"2025-12-19T11:56:30","modified_gmt":"2025-12-19T11:56:30","slug":"aina-akadmie","status":"publish","type":"page","link":"https:\/\/aina-medizinabrechnung.de\/?page_id=297","title":{"rendered":"AINA Akadmie"},"content":{"rendered":"\t\t<div data-elementor-type=\"wp-page\" data-elementor-id=\"297\" class=\"elementor elementor-297\" data-elementor-post-type=\"page\">\n\t\t\t\t<div class=\"elementor-element elementor-element-4b6e4156 e-con-full e-flex e-con e-parent\" data-id=\"4b6e4156\" data-element_type=\"container\" data-settings=\"{&quot;background_background&quot;:&quot;classic&quot;}\">\n\t\t\t\t<\/div>\n\t\t<div class=\"elementor-element elementor-element-d6cd3be e-flex e-con-boxed e-con e-parent\" data-id=\"d6cd3be\" data-element_type=\"container\" data-settings=\"{&quot;background_background&quot;:&quot;classic&quot;}\">\n\t\t\t\t\t<div class=\"e-con-inner\">\n\t\t<div class=\"elementor-element elementor-element-dcd8dd9 e-con-full e-flex e-con e-child\" data-id=\"dcd8dd9\" data-element_type=\"container\">\n\t\t\t\t<div class=\"elementor-element elementor-element-8b9fd06 elementor-widget elementor-widget-heading\" data-id=\"8b9fd06\" data-element_type=\"widget\" data-widget_type=\"heading.default\">\n\t\t\t\t\t<h2 class=\"elementor-heading-title elementor-size-default\">AINA Akademie: Fortbilden &amp; Netzwerken<\/h2>\t\t\t\t<\/div>\n\t\t\t\t<div class=\"elementor-element elementor-element-ee808a2 elementor-widget elementor-widget-text-editor\" data-id=\"ee808a2\" data-element_type=\"widget\" data-widget_type=\"text-editor.default\">\n\t\t\t\t\t\t\t\t\t<p class=\"font_8 wixui-rich-text__text\">Das Image Ihres Zentrum, Ihrer Klinik oder Ihrer Praxis wird gepr\u00e4gt durch Ihre \u00e4rztlichen Therapien, aber auch durch den feinf\u00fchligen Umgang mit Ihren Patienten im Bereich der Abrechnung, durch das Wissen und den Umgang mit Ihren Patientinnen und ganz besonders durch die guten Tipps, die Sie in Ihrem Netzwerk erarbeiten und weitergeben k\u00f6nnen!<\/p>\t\t\t\t\t\t\t\t<\/div>\n\t\t\t\t<\/div>\n\t\t<div class=\"elementor-element elementor-element-3d6b815 e-con-full e-flex e-con e-child\" data-id=\"3d6b815\" data-element_type=\"container\">\n\t\t\t\t<div class=\"elementor-element elementor-element-dab4507 elementor-widget elementor-widget-image\" data-id=\"dab4507\" data-element_type=\"widget\" data-widget_type=\"image.default\">\n\t\t\t\t\t\t\t\t\t\t\t\t\t\t\t<img fetchpriority=\"high\" decoding=\"async\" width=\"544\" height=\"501\" src=\"https:\/\/aina-medizinabrechnung.de\/wp-content\/uploads\/2025\/12\/Aina-Akademie-06.jpg\" class=\"attachment-large size-large wp-image-313\" alt=\"\" srcset=\"https:\/\/aina-medizinabrechnung.de\/wp-content\/uploads\/2025\/12\/Aina-Akademie-06.jpg 544w, https:\/\/aina-medizinabrechnung.de\/wp-content\/uploads\/2025\/12\/Aina-Akademie-06-300x276.jpg 300w\" sizes=\"(max-width: 544px) 100vw, 544px\" \/>\t\t\t\t\t\t\t\t\t\t\t\t\t\t\t<\/div>\n\t\t\t\t<\/div>\n\t\t\t\t\t<\/div>\n\t\t\t\t<\/div>\n\t\t<div class=\"elementor-element elementor-element-3e774d3 e-flex e-con-boxed e-con e-parent\" data-id=\"3e774d3\" data-element_type=\"container\" data-settings=\"{&quot;background_background&quot;:&quot;classic&quot;}\">\n\t\t\t\t\t<div class=\"e-con-inner\">\n\t\t\t\t<div class=\"elementor-element elementor-element-cccb82f elementor-widget elementor-widget-spacer\" data-id=\"cccb82f\" data-element_type=\"widget\" data-widget_type=\"spacer.default\">\n\t\t\t\t\t\t\t<div class=\"elementor-spacer\">\n\t\t\t<div class=\"elementor-spacer-inner\"><\/div>\n\t\t<\/div>\n\t\t\t\t\t\t<\/div>\n\t\t\t\t\t<\/div>\n\t\t\t\t<\/div>\n\t\t<div class=\"elementor-element elementor-element-dbaf5d2 e-flex e-con-boxed e-con e-parent\" data-id=\"dbaf5d2\" data-element_type=\"container\" data-settings=\"{&quot;background_background&quot;:&quot;classic&quot;}\">\n\t\t\t\t\t<div class=\"e-con-inner\">\n\t\t<div class=\"elementor-element elementor-element-d05c155 e-con-full e-flex e-con e-child\" data-id=\"d05c155\" data-element_type=\"container\">\n\t\t\t\t<div class=\"elementor-element elementor-element-b12252a elementor-widget elementor-widget-heading\" data-id=\"b12252a\" data-element_type=\"widget\" data-widget_type=\"heading.default\">\n\t\t\t\t\t<h2 class=\"elementor-heading-title elementor-size-default\">Wir laden Sie herzlich ein<\/h2>\t\t\t\t<\/div>\n\t\t\t\t<div class=\"elementor-element elementor-element-0c853a3 elementor-widget elementor-widget-image\" data-id=\"0c853a3\" data-element_type=\"widget\" data-widget_type=\"image.default\">\n\t\t\t\t\t\t\t\t\t\t\t\t\t\t\t<img decoding=\"async\" width=\"800\" height=\"534\" src=\"https:\/\/aina-medizinabrechnung.de\/wp-content\/uploads\/2025\/12\/Aina-Akademie-05.jpg\" class=\"attachment-large size-large wp-image-307\" alt=\"\" srcset=\"https:\/\/aina-medizinabrechnung.de\/wp-content\/uploads\/2025\/12\/Aina-Akademie-05.jpg 981w, https:\/\/aina-medizinabrechnung.de\/wp-content\/uploads\/2025\/12\/Aina-Akademie-05-300x200.jpg 300w, https:\/\/aina-medizinabrechnung.de\/wp-content\/uploads\/2025\/12\/Aina-Akademie-05-768x513.jpg 768w\" sizes=\"(max-width: 800px) 100vw, 800px\" \/>\t\t\t\t\t\t\t\t\t\t\t\t\t\t\t<\/div>\n\t\t\t\t<div class=\"elementor-element elementor-element-5dbdaa5 elementor-widget elementor-widget-text-editor\" data-id=\"5dbdaa5\" data-element_type=\"widget\" data-widget_type=\"text-editor.default\">\n\t\t\t\t\t\t\t\t\t<div id=\"bgLayers_comp-kvzcp5qu2\" class=\"MW5IWV\" data-hook=\"bgLayers\" data-motion-part=\"BG_LAYER comp-kvzcp5qu2\">In allen Abrechnungsbereichen erhalten Sie in den hochkar\u00e4tigen Abrechnungsseminaren f\u00fcr GO\u00c4, EBM, DRG und IGeL in der AINA Akademie. Sie haben den pers\u00f6nlichen Kontakt zu unseren Referenten und bekommen jederzeit fachkundige Informationen, die Ihnen den rechtssicheren Abrechnungsweg weisen.<\/div>\t\t\t\t\t\t\t\t<\/div>\n\t\t\t\t<\/div>\n\t\t<div class=\"elementor-element elementor-element-046157d e-con-full e-flex e-con e-child\" data-id=\"046157d\" data-element_type=\"container\">\n\t\t\t\t<div class=\"elementor-element elementor-element-1899ec89 elementor-widget elementor-widget-text-editor\" data-id=\"1899ec89\" data-element_type=\"widget\" data-widget_type=\"text-editor.default\">\n\t\t\t\t\t\t\t\t\t<div class=\"\" data-mesh-id=\"comp-kvzcp5qu2inlineContent\" data-testid=\"inline-content\"><div data-mesh-id=\"comp-kvzcp5qu2inlineContent-gridContainer\" data-testid=\"mesh-container-content\"><div id=\"comp-kwdl5mzq\" class=\"Z_l5lU MMl86N zQ9jDz qvSjx3 Vq6kJx comp-kwdl5mzq wixui-rich-text\" data-testid=\"richTextElement\" data-motion-enter=\"done\"><p class=\"font_8 wixui-rich-text__text\"><span class=\"color_36 wixui-rich-text__text\"><span class=\"wixui-rich-text__text\">Sie finden in unserem Veranstaltungsprogramm auch spannende Fachvortr\u00e4ge, Fortbildungen und Seminare zu medizinischen Themen, die Sie in Ihren Therapien unterst\u00fctzen. Sie haben die Gelegenheit mit Experten zu diskutieren, in besonders fein ausgew\u00e4hlten, kleinen \u201cThinkcentern\u201c Ihre Kenntnisse zu erweitern; am besten nat\u00fcrlich dies auch mit einem Zertifikat belegen k\u00f6nnen. Sie k\u00f6nnen sich jederzeit online anmelden und dies als Mandant zu besonders g\u00fcnstigen Konditionen. Die AINA Akademie freut sich auf Sie.<\/span><\/span><\/p><\/div><div id=\"comp-kvzcp5qz\" class=\"Z_l5lU MMl86N zQ9jDz qvSjx3 Vq6kJx comp-kvzcp5qz wixui-rich-text\" data-testid=\"richTextElement\"><p class=\"font_5 wixui-rich-text__text\"><span class=\"wixui-rich-text__text\"><span class=\"color_36 wixui-rich-text__text\">Fortbildungen:<\/span><\/span><\/p><\/div><div id=\"comp-kvzcp5r3\" class=\"Z_l5lU MMl86N zQ9jDz qvSjx3 Vq6kJx comp-kvzcp5r3 wixui-rich-text\" data-testid=\"richTextElement\"><ul class=\"color_36 wixui-rich-text__text\"><li class=\"wixui-rich-text__text\"><p class=\"font_8 wixui-rich-text__text\"><span class=\"wixui-rich-text__text\"><span class=\"color_36 wixui-rich-text__text\">insbesondere zum Geb\u00fchren- Medizinrecht, Wirtschaftsrecht f\u00fcr Mediziner u.v.m.<\/span><\/span><\/p><\/li><li class=\"wixui-rich-text__text\"><p class=\"font_8 wixui-rich-text__text\"><span class=\"wixui-rich-text__text\"><span class=\"color_36 wixui-rich-text__text\">Intensivschulungen f\u00fcr Klinikleitungen und Verb\u00e4nde ebenso wie f\u00fcr ambulante Zentren und Praxiscoachings<\/span><\/span><\/p><\/li><li class=\"wixui-rich-text__text\"><p class=\"font_8 wixui-rich-text__text\"><span class=\"wixui-rich-text__text\"><span class=\"color_36 wixui-rich-text__text\">Netzwerktreffen f\u00fcr Ihre Netzwerke und Ihre Qualit\u00e4tszirkel, f\u00fcr Verbandstreffen, Praxislounges u.v.m.<\/span><\/span><\/p><\/li><\/ul><p class=\"font_8 wixui-rich-text__text\"><span class=\"wixui-rich-text__text\"><span class=\"color_36 wixui-rich-text__text\">Unser Thinkcenter steht Ihnen und Ihren Partnern jederzeit offen!<\/span><\/span><\/p><\/div><\/div><\/div>\t\t\t\t\t\t\t\t<\/div>\n\t\t\t\t<\/div>\n\t\t\t\t\t<\/div>\n\t\t\t\t<\/div>\n\t\t<div class=\"elementor-element elementor-element-ad107ca e-flex e-con-boxed e-con e-parent\" data-id=\"ad107ca\" data-element_type=\"container\" data-settings=\"{&quot;background_background&quot;:&quot;classic&quot;}\">\n\t\t\t\t\t<div class=\"e-con-inner\">\n\t\t\t\t<div class=\"elementor-element elementor-element-426cfde elementor-widget elementor-widget-spacer\" data-id=\"426cfde\" data-element_type=\"widget\" data-widget_type=\"spacer.default\">\n\t\t\t\t\t\t\t<div class=\"elementor-spacer\">\n\t\t\t<div class=\"elementor-spacer-inner\"><\/div>\n\t\t<\/div>\n\t\t\t\t\t\t<\/div>\n\t\t\t\t\t<\/div>\n\t\t\t\t<\/div>\n\t\t<div class=\"elementor-element elementor-element-2185a98f e-flex e-con-boxed e-con e-parent\" data-id=\"2185a98f\" data-element_type=\"container\" data-settings=\"{&quot;background_background&quot;:&quot;classic&quot;}\">\n\t\t\t\t\t<div class=\"e-con-inner\">\n\t\t\t\t<div class=\"elementor-element elementor-element-42e8dae0 elementor-widget elementor-widget-spacer\" data-id=\"42e8dae0\" data-element_type=\"widget\" data-widget_type=\"spacer.default\">\n\t\t\t\t\t\t\t<div class=\"elementor-spacer\">\n\t\t\t<div class=\"elementor-spacer-inner\"><\/div>\n\t\t<\/div>\n\t\t\t\t\t\t<\/div>\n\t\t\t\t<div class=\"elementor-element elementor-element-9be7e04 elementor-widget elementor-widget-heading\" data-id=\"9be7e04\" data-element_type=\"widget\" data-widget_type=\"heading.default\">\n\t\t\t\t\t<h2 class=\"elementor-heading-title elementor-size-default\">AINA Businesspartner<\/h2>\t\t\t\t<\/div>\n\t\t\t\t<div class=\"elementor-element elementor-element-69ddd1f elementor-widget elementor-widget-spacer\" data-id=\"69ddd1f\" data-element_type=\"widget\" data-widget_type=\"spacer.default\">\n\t\t\t\t\t\t\t<div class=\"elementor-spacer\">\n\t\t\t<div class=\"elementor-spacer-inner\"><\/div>\n\t\t<\/div>\n\t\t\t\t\t\t<\/div>\n\t\t\t\t<div class=\"elementor-element elementor-element-270a913 elementor-widget elementor-widget-image\" data-id=\"270a913\" data-element_type=\"widget\" data-widget_type=\"image.default\">\n\t\t\t\t\t\t\t\t\t\t\t\t\t\t\t<img decoding=\"async\" width=\"1256\" height=\"462\" src=\"https:\/\/aina-medizinabrechnung.de\/wp-content\/uploads\/2025\/12\/AkademieLogos.jpg\" class=\"attachment-full size-full wp-image-306\" alt=\"\" srcset=\"https:\/\/aina-medizinabrechnung.de\/wp-content\/uploads\/2025\/12\/AkademieLogos.jpg 1256w, https:\/\/aina-medizinabrechnung.de\/wp-content\/uploads\/2025\/12\/AkademieLogos-300x110.jpg 300w, https:\/\/aina-medizinabrechnung.de\/wp-content\/uploads\/2025\/12\/AkademieLogos-1024x377.jpg 1024w, https:\/\/aina-medizinabrechnung.de\/wp-content\/uploads\/2025\/12\/AkademieLogos-768x282.jpg 768w\" sizes=\"(max-width: 1256px) 100vw, 1256px\" \/>\t\t\t\t\t\t\t\t\t\t\t\t\t\t\t<\/div>\n\t\t\t\t<div class=\"elementor-element elementor-element-22a60fe elementor-widget elementor-widget-spacer\" data-id=\"22a60fe\" data-element_type=\"widget\" data-widget_type=\"spacer.default\">\n\t\t\t\t\t\t\t<div class=\"elementor-spacer\">\n\t\t\t<div class=\"elementor-spacer-inner\"><\/div>\n\t\t<\/div>\n\t\t\t\t\t\t<\/div>\n\t\t\t\t\t<\/div>\n\t\t\t\t<\/div>\n\t\t\t\t<\/div>\n\t\t","protected":false},"excerpt":{"rendered":"<p>AINA Akademie: Fortbilden &amp; Netzwerken Das Image Ihres Zentrum, Ihrer Klinik oder Ihrer Praxis wird gepr\u00e4gt durch Ihre \u00e4rztlichen Therapien, aber auch durch den feinf\u00fchligen Umgang mit Ihren Patienten im Bereich der Abrechnung, durch das Wissen und den Umgang mit Ihren Patientinnen und ganz besonders durch die guten Tipps, die Sie in Ihrem Netzwerk erarbeiten [&hellip;]<\/p>\n","protected":false},"author":1,"featured_media":0,"parent":0,"menu_order":0,"comment_status":"closed","ping_status":"closed","template":"","meta":{"inline_featured_image":false,"footnotes":""},"class_list":["post-297","page","type-page","status-publish","hentry"],"_links":{"self":[{"href":"https:\/\/aina-medizinabrechnung.de\/index.php?rest_route=\/wp\/v2\/pages\/297","targetHints":{"allow":["GET"]}}],"collection":[{"href":"https:\/\/aina-medizinabrechnung.de\/index.php?rest_route=\/wp\/v2\/pages"}],"about":[{"href":"https:\/\/aina-medizinabrechnung.de\/index.php?rest_route=\/wp\/v2\/types\/page"}],"author":[{"embeddable":true,"href":"https:\/\/aina-medizinabrechnung.de\/index.php?rest_route=\/wp\/v2\/users\/1"}],"replies":[{"embeddable":true,"href":"https:\/\/aina-medizinabrechnung.de\/index.php?rest_route=%2Fwp%2Fv2%2Fcomments&post=297"}],"version-history":[{"count":19,"href":"https:\/\/aina-medizinabrechnung.de\/index.php?rest_route=\/wp\/v2\/pages\/297\/revisions"}],"predecessor-version":[{"id":475,"href":"https:\/\/aina-medizinabrechnung.de\/index.php?rest_route=\/wp\/v2\/pages\/297\/revisions\/475"}],"wp:attachment":[{"href":"https:\/\/aina-medizinabrechnung.de\/index.php?rest_route=%2Fwp%2Fv2%2Fmedia&parent=297"}],"curies":[{"name":"wp","href":"https:\/\/api.w.org\/{rel}","templated":true}]}}