{"id":255,"date":"2025-12-15T19:41:46","date_gmt":"2025-12-15T19:41:46","guid":{"rendered":"https:\/\/aina-medizinabrechnung.de\/?page_id=255"},"modified":"2025-12-19T12:01:07","modified_gmt":"2025-12-19T12:01:07","slug":"aina-engagement","status":"publish","type":"page","link":"https:\/\/aina-medizinabrechnung.de\/?page_id=255","title":{"rendered":"AINA Engagement"},"content":{"rendered":"\t\t<div data-elementor-type=\"wp-page\" data-elementor-id=\"255\" class=\"elementor elementor-255\" data-elementor-post-type=\"page\">\n\t\t\t\t<div class=\"elementor-element elementor-element-38f0d860 e-con-full e-flex e-con e-parent\" data-id=\"38f0d860\" data-element_type=\"container\" data-settings=\"{&quot;background_background&quot;:&quot;classic&quot;}\">\n\t\t\t\t<\/div>\n\t\t<div class=\"elementor-element elementor-element-6b73df91 e-con-full e-flex e-con e-parent\" data-id=\"6b73df91\" data-element_type=\"container\" data-settings=\"{&quot;background_background&quot;:&quot;gradient&quot;,&quot;sticky_on&quot;:[&quot;desktop&quot;,&quot;tablet&quot;],&quot;sticky&quot;:&quot;top&quot;,&quot;sticky_offset&quot;:102,&quot;sticky_effects_offset&quot;:0,&quot;sticky_anchor_link_offset&quot;:0}\">\n\t\t<div class=\"elementor-element elementor-element-251a99b5 e-con-full e-flex e-con e-child\" data-id=\"251a99b5\" data-element_type=\"container\">\n\t\t\t\t<div class=\"elementor-element elementor-element-d917aa2 elementor-nav-menu__align-center elementor-nav-menu--dropdown-none elementor-widget elementor-widget-nav-menu\" data-id=\"d917aa2\" data-element_type=\"widget\" data-settings=\"{&quot;layout&quot;:&quot;horizontal&quot;,&quot;submenu_icon&quot;:{&quot;value&quot;:&quot;&lt;svg aria-hidden=\\&quot;true\\&quot; class=\\&quot;e-font-icon-svg e-fas-caret-down\\&quot; viewBox=\\&quot;0 0 320 512\\&quot; xmlns=\\&quot;http:\\\/\\\/www.w3.org\\\/2000\\\/svg\\&quot;&gt;&lt;path d=\\&quot;M31.3 192h257.3c17.8 0 26.7 21.5 14.1 34.1L174.1 354.8c-7.8 7.8-20.5 7.8-28.3 0L17.2 226.1C4.6 213.5 13.5 192 31.3 192z\\&quot;&gt;&lt;\\\/path&gt;&lt;\\\/svg&gt;&quot;,&quot;library&quot;:&quot;fa-solid&quot;}}\" data-widget_type=\"nav-menu.default\">\n\t\t\t\t\t\t\t\t<nav aria-label=\"Menu\" class=\"elementor-nav-menu--main elementor-nav-menu__container elementor-nav-menu--layout-horizontal e--pointer-none\">\r\n\t\t\t\t<ul id=\"menu-1-d917aa2\" class=\"elementor-nav-menu\"><li class=\"menu-item menu-item-type-post_type menu-item-object-page menu-item-241\"><a href=\"https:\/\/aina-medizinabrechnung.de\/?page_id=233\" class=\"elementor-item\">\u00dcber AINA<\/a><\/li>\n<li class=\"menu-item menu-item-type-post_type menu-item-object-page menu-item-271\"><a href=\"https:\/\/aina-medizinabrechnung.de\/?page_id=246\" class=\"elementor-item\">AINA Netzwerk<\/a><\/li>\n<li class=\"menu-item menu-item-type-post_type menu-item-object-page menu-item-270\"><a href=\"https:\/\/aina-medizinabrechnung.de\/?page_id=255\" class=\"elementor-item\">AINA Engagement<\/a><\/li>\n<li class=\"menu-item menu-item-type-post_type menu-item-object-page menu-item-280\"><a href=\"https:\/\/aina-medizinabrechnung.de\/?page_id=272\" class=\"elementor-item\">AINA Career<\/a><\/li>\n<\/ul>\t\t\t<\/nav>\r\n\t\t\t\t\t\t<nav class=\"elementor-nav-menu--dropdown elementor-nav-menu__container\" aria-hidden=\"true\">\r\n\t\t\t\t<ul id=\"menu-2-d917aa2\" class=\"elementor-nav-menu\"><li class=\"menu-item menu-item-type-post_type menu-item-object-page menu-item-241\"><a href=\"https:\/\/aina-medizinabrechnung.de\/?page_id=233\" class=\"elementor-item\" tabindex=\"-1\">\u00dcber AINA<\/a><\/li>\n<li class=\"menu-item menu-item-type-post_type menu-item-object-page menu-item-271\"><a href=\"https:\/\/aina-medizinabrechnung.de\/?page_id=246\" class=\"elementor-item\" tabindex=\"-1\">AINA Netzwerk<\/a><\/li>\n<li class=\"menu-item menu-item-type-post_type menu-item-object-page menu-item-270\"><a href=\"https:\/\/aina-medizinabrechnung.de\/?page_id=255\" class=\"elementor-item\" tabindex=\"-1\">AINA Engagement<\/a><\/li>\n<li class=\"menu-item menu-item-type-post_type menu-item-object-page menu-item-280\"><a href=\"https:\/\/aina-medizinabrechnung.de\/?page_id=272\" class=\"elementor-item\" tabindex=\"-1\">AINA Career<\/a><\/li>\n<\/ul>\t\t\t<\/nav>\r\n\t\t\t\t\t\t<\/div>\n\t\t\t\t<\/div>\n\t\t\t\t<\/div>\n\t\t<div class=\"elementor-element elementor-element-f9196e e-flex e-con-boxed e-con e-parent\" data-id=\"f9196e\" data-element_type=\"container\" data-settings=\"{&quot;background_background&quot;:&quot;classic&quot;}\">\n\t\t\t\t\t<div class=\"e-con-inner\">\n\t\t\t\t<div class=\"elementor-element elementor-element-2cbc397d elementor-widget elementor-widget-spacer\" data-id=\"2cbc397d\" data-element_type=\"widget\" data-widget_type=\"spacer.default\">\n\t\t\t\t\t\t\t<div class=\"elementor-spacer\">\n\t\t\t<div class=\"elementor-spacer-inner\"><\/div>\n\t\t<\/div>\n\t\t\t\t\t\t<\/div>\n\t\t\t\t<div class=\"elementor-element elementor-element-23bc948 elementor-widget elementor-widget-heading\" data-id=\"23bc948\" data-element_type=\"widget\" data-widget_type=\"heading.default\">\n\t\t\t\t\t<h2 class=\"elementor-heading-title elementor-size-default\">AINA Engagement<\/h2>\t\t\t\t<\/div>\n\t\t\t\t<div class=\"elementor-element elementor-element-3058546f elementor-widget elementor-widget-spacer\" data-id=\"3058546f\" data-element_type=\"widget\" data-widget_type=\"spacer.default\">\n\t\t\t\t\t\t\t<div class=\"elementor-spacer\">\n\t\t\t<div class=\"elementor-spacer-inner\"><\/div>\n\t\t<\/div>\n\t\t\t\t\t\t<\/div>\n\t\t\t\t<div class=\"elementor-element elementor-element-5d4852a8 elementor-widget elementor-widget-text-editor\" data-id=\"5d4852a8\" data-element_type=\"widget\" data-widget_type=\"text-editor.default\">\n\t\t\t\t\t\t\t\t\t<h3 class=\"font_5 wixui-rich-text__text\"><span class=\"wixui-rich-text__text\">Verantwortung und Engagement<\/span><\/h3><p class=\"font_8 wixui-rich-text__text\"><span class=\"wixui-rich-text__text\">Gesellschaftlich Verantwortung zu \u00fcbernehmen und sich zu engagieren, ist f\u00fcr AINA Selbstverst\u00e4ndlichkeit und Herzenssache in einem. Die Bandbreite der Institutionen und Projekte, die wir unterst\u00fctzen, reicht vom medizinischen \u00fcber den sozialen und sportlichen bis zum kulturellen Bereich.<\/span><\/p><p class=\"font_8 wixui-rich-text__text\"><span class=\"wixui-rich-text__text\"><span class=\"wixGuard wixui-rich-text__text\">\u200b<\/span><\/span><\/p><h3 class=\"font_8 wixui-rich-text__text\"><span class=\"wixui-rich-text__text\">Docstogether<\/span><\/h3><p class=\"font_8 wixui-rich-text__text\"><span class=\"wixui-rich-text__text\">Die Stiftung docstogether.net wurde von der Medizinerin Ulrike Leimer-Lipke gegr\u00fcndet. Mit Spenden f\u00f6rdert sie karitative Projekte im Gesundheitswesen in Deutschland. Idee der Stiftung ist es, durch viele kleine Spenden ein sicheres Auffangnetz f\u00fcr akute und doch nachhaltige Hilfestellungen zu bauen. docstogether.net will die \u00c4rzteschaft in Deutschland solidarisieren \u2013 in sozialem Engagement. Ein weiteres Ziel der Stiftung ist es, den Menschen in Deutschland zu zeigen, in welchem Ma\u00dfe \u00c4rztinnen und \u00c4rzte sich engagieren und ihre gesellschaftliche Verantwortung wahrnehmen.<\/span><\/p><p class=\"font_8 wixui-rich-text__text\"><span class=\"wixui-rich-text__text\"><a class=\"wixui-rich-text__text\" href=\"http:\/\/www.docstogether.net\/\" target=\"_blank\" rel=\"noreferrer noopener\">www.docstogether.net<\/a><\/span><\/p><p class=\"font_8 wixui-rich-text__text\"><span class=\"wixui-rich-text__text\"><span class=\"wixGuard wixui-rich-text__text\">\u200b<\/span><\/span><\/p><h3 class=\"font_8 wixui-rich-text__text\"><span class=\"wixui-rich-text__text\">German Doctors e.V.<\/span><\/h3><p class=\"font_8 wixui-rich-text__text\"><span class=\"wixui-rich-text__text\">Das Komitee \u00c4rzte f\u00fcr die Dritte Welt hat seit 1983 mehr als 3.800 Eins\u00e4tze von \u00c4rzten auf freiwilliger und unentgeltlicher Basis in so genannten Entwicklungsl\u00e4ndern durchgef\u00fchrt. Rund 2.100 \u00c4rzte sind bisher in diese L\u00e4nder gereist, um dort Patienten zu behandeln, Kinder zu impfen und Krankenstationen zu betreiben.<\/span><\/p><p class=\"font_8 wixui-rich-text__text\"><span class=\"wixui-rich-text__text\"><span class=\"wixGuard wixui-rich-text__text\">\u200b<\/span><\/span><\/p><h3 class=\"font_8 wixui-rich-text__text\"><span class=\"wixui-rich-text__text\">Philharmonischer Chor Berlin<\/span><span class=\"wixui-rich-text__text\"><span class=\"wixGuard wixui-rich-text__text\">\u200b<\/span><\/span><\/h3><p class=\"font_8 wixui-rich-text__text\"><span class=\"wixui-rich-text__text\">Der 1882 von Siegfried Ochs gegr\u00fcndete Chor ist einer der renommiertesten und traditionsreichsten Oratoriench\u00f6re Deutschlands. Im Lauf seiner Geschichte stand er unter der Leitung so klangvoller Namen wie Otto Klemperer, Carl Schuricht oder Uwe Gronostay.<\/span><\/p><p class=\"font_8 wixui-rich-text__text\"><span class=\"wixui-rich-text__text\"><a class=\"wixui-rich-text__text\" href=\"http:\/\/www.philharmonischer-chor.de\/\" target=\"_blank\" rel=\"noreferrer noopener\">www.philharmonischer-chor.de<\/a><\/span><\/p><p class=\"font_8 wixui-rich-text__text\"><span class=\"wixui-rich-text__text\"><span class=\"wixGuard wixui-rich-text__text\">\u200b<\/span><\/span><\/p><h3 class=\"font_8 wixui-rich-text__text\"><span class=\"wixui-rich-text__text\">Kinderhilfe Berlin<\/span><\/h3><p class=\"font_8 wixui-rich-text__text\"><span class=\"wixui-rich-text__text\">1996 hat die Kinderhilfe Berlin die Bj\u00f6rn Schulz Stiftung ins Leben gerufen, um schwerstkranken, chronisch und unheilbar kranken Kindern, Jugendlichen und jungen Erwachsenen zu helfen, aber auch deren Familien zu unterst\u00fctzen \u2013 eine umfassende Betreuung, die weit \u00fcber die medizinische Therapie hinausgeht.<\/span><\/p><p class=\"font_8 wixui-rich-text__text\"><span class=\"wixui-rich-text__text\"><a class=\"wixui-rich-text__text\" href=\"http:\/\/www.bjoern-schulz-stiftung.de\/\" target=\"_blank\" rel=\"noreferrer noopener\">www.bjoern-schulz-stiftung.de<\/a><\/span><\/p><p class=\"font_8 wixui-rich-text__text\"><span class=\"wixui-rich-text__text\"><span class=\"wixGuard wixui-rich-text__text\">\u200b<\/span><\/span><\/p><h3 class=\"font_8 wixui-rich-text__text\"><span class=\"wixui-rich-text__text\">F\u00f6rderverein Glukosetransporter (GLUT1)-Defekt e.V.<\/span><\/h3><p class=\"font_8 wixui-rich-text__text\"><span class=\"wixui-rich-text__text\">Der F\u00f6rderverein hat es sich zur Aufgabe gemacht, \u00fcber diese seltene und wenig bekannte, angeborene Erkrankung des zerebralen Energiestoffwechsels aufzukl\u00e4ren. Er informiert \u00fcber die einzige gesicherte Therapie, die ketogene Di\u00e4t, und unterst\u00fctzt die Forschung am GLUT1-Defekt.<\/span><\/p><p class=\"font_8 wixui-rich-text__text\"><span class=\"wixui-rich-text__text\"><a class=\"wixui-rich-text__text\" href=\"http:\/\/www.glut1.de\/\" target=\"_blank\" rel=\"noreferrer noopener\">www.glut1.de<\/a><\/span><\/p><p class=\"font_8 wixui-rich-text__text\"><span class=\"wixui-rich-text__text\"><span class=\"wixGuard wixui-rich-text__text\">\u200b<\/span><\/span><\/p><h3 class=\"font_8 wixui-rich-text__text\"><span class=\"wixui-rich-text__text\">Kulturhaus Centre Bagatelle e.V.<\/span><\/h3><p class=\"font_8 wixui-rich-text__text\"><span class=\"wixui-rich-text__text\">Zweck des Vereins ist die Erhaltung und F\u00fchrung des Kulturhauses Centre Bagatelle, das der Bev\u00f6lkerung aus Frohnau und Umgebung f\u00fcr die F\u00f6rderung von Kultur und Bildung, insbesondere auch der langen Tradition der deutsch-franz\u00f6sischen Beziehungen, der Begegnung, der Gesundheit und der Jugendhilfe zur Verf\u00fcgung stehen soll.<\/span><\/p><p class=\"font_8 wixui-rich-text__text\"><span class=\"wixui-rich-text__text\"><a class=\"wixui-rich-text__text\" href=\"http:\/\/www.centre-bagatelle.de\/\" target=\"_blank\" rel=\"noreferrer noopener\">www.centre-bagatelle.de<\/a><\/span><\/p><p class=\"font_8 wixui-rich-text__text\"><span class=\"wixui-rich-text__text\"><span class=\"wixGuard wixui-rich-text__text\">\u200b<\/span><\/span><\/p><h3 class=\"font_8 wixui-rich-text__text\"><span class=\"wixui-rich-text__text\">Nicolaidis Stiftung<\/span><\/h3><p class=\"font_8 wixui-rich-text__text\"><span class=\"wixui-rich-text__text\">Die gemeinn\u00fctzige Stiftung hat es sich zur Aufgabe gemacht, deutschlandweit jung verwitweten Menschen und deren Kindern zu helfen. Martina Nicolaidis hat sie nach dem Tod ihres Ehemannes ins Leben gerufen. Ein umfassendes Hilfsangebot leistet Trauernden vielseitige Unterst\u00fctzung. Zu den Angeboten geh\u00f6ren Selbsthilfegruppen, Trauerbegleitung, finanzielle und rechtliche Beratung und Projekte f\u00fcr Kinder und Jugendliche. Das Betreuungskonzept zielt dabei auf eine langfristige und nachhaltige Hilfe.<\/span><\/p><p class=\"font_8 wixui-rich-text__text\"><span class=\"wixui-rich-text__text\"><a class=\"wixui-rich-text__text\" href=\"http:\/\/www.nicolaidis-youngwings.de\/\" target=\"_blank\" rel=\"noreferrer noopener\">www.nicolaidis-youngwings.de<\/a><\/span><\/p><p class=\"font_8 wixui-rich-text__text\"><span class=\"wixui-rich-text__text\"><span class=\"wixGuard wixui-rich-text__text\">\u200b<\/span><\/span><\/p><h3 class=\"font_8 wixui-rich-text__text\"><span class=\"wixui-rich-text__text\">Nordberliner SC 1919 e.V.<\/span><span class=\"wixui-rich-text__text\"><span class=\"wixGuard wixui-rich-text__text\">\u200b<\/span><\/span><\/h3><p class=\"font_8 wixui-rich-text__text\"><span class=\"wixui-rich-text__text\">Der Nordberliner SC 1919 e.V. ist der gr\u00f6\u00dfte Fu\u00dfballverein im Norden Berlins. Mehr als 30 Jugendmannschaften, von den G- bis zu den A- Junioren, werden von engagierten Trainern und Betreuern auf ihre Fu\u00dfballkarriere vorbereitet. Im Herrenbereich nehmen neun Mannschaften, von den Herren bis zur Altliga, am Spielbetrieb teil.<\/span><\/p><p class=\"font_8 wixui-rich-text__text\"><span class=\"wixui-rich-text__text\"><a class=\"wixui-rich-text__text\" href=\"http:\/\/www.nordberlinersc.de\/\" target=\"_blank\" rel=\"noreferrer noopener\">www.nordberlinersc.de<\/a><\/span><\/p>\t\t\t\t\t\t\t\t<\/div>\n\t\t\t\t<div class=\"elementor-element elementor-element-62f91cd9 elementor-widget elementor-widget-spacer\" data-id=\"62f91cd9\" data-element_type=\"widget\" data-widget_type=\"spacer.default\">\n\t\t\t\t\t\t\t<div class=\"elementor-spacer\">\n\t\t\t<div class=\"elementor-spacer-inner\"><\/div>\n\t\t<\/div>\n\t\t\t\t\t\t<\/div>\n\t\t\t\t\t<\/div>\n\t\t\t\t<\/div>\n\t\t\t\t<\/div>\n\t\t","protected":false},"excerpt":{"rendered":"<p>AINA Engagement Verantwortung und Engagement Gesellschaftlich Verantwortung zu \u00fcbernehmen und sich zu engagieren, ist f\u00fcr AINA Selbstverst\u00e4ndlichkeit und Herzenssache in einem. Die Bandbreite der Institutionen und Projekte, die wir unterst\u00fctzen, reicht vom medizinischen \u00fcber den sozialen und sportlichen bis zum kulturellen Bereich. \u200b Docstogether Die Stiftung docstogether.net wurde von der Medizinerin Ulrike Leimer-Lipke gegr\u00fcndet. Mit [&hellip;]<\/p>\n","protected":false},"author":1,"featured_media":0,"parent":0,"menu_order":0,"comment_status":"closed","ping_status":"closed","template":"","meta":{"inline_featured_image":false,"footnotes":""},"class_list":["post-255","page","type-page","status-publish","hentry"],"_links":{"self":[{"href":"https:\/\/aina-medizinabrechnung.de\/index.php?rest_route=\/wp\/v2\/pages\/255","targetHints":{"allow":["GET"]}}],"collection":[{"href":"https:\/\/aina-medizinabrechnung.de\/index.php?rest_route=\/wp\/v2\/pages"}],"about":[{"href":"https:\/\/aina-medizinabrechnung.de\/index.php?rest_route=\/wp\/v2\/types\/page"}],"author":[{"embeddable":true,"href":"https:\/\/aina-medizinabrechnung.de\/index.php?rest_route=\/wp\/v2\/users\/1"}],"replies":[{"embeddable":true,"href":"https:\/\/aina-medizinabrechnung.de\/index.php?rest_route=%2Fwp%2Fv2%2Fcomments&post=255"}],"version-history":[{"count":22,"href":"https:\/\/aina-medizinabrechnung.de\/index.php?rest_route=\/wp\/v2\/pages\/255\/revisions"}],"predecessor-version":[{"id":482,"href":"https:\/\/aina-medizinabrechnung.de\/index.php?rest_route=\/wp\/v2\/pages\/255\/revisions\/482"}],"wp:attachment":[{"href":"https:\/\/aina-medizinabrechnung.de\/index.php?rest_route=%2Fwp%2Fv2%2Fmedia&parent=255"}],"curies":[{"name":"wp","href":"https:\/\/api.w.org\/{rel}","templated":true}]}}