{"id":246,"date":"2025-12-15T19:36:01","date_gmt":"2025-12-15T19:36:01","guid":{"rendered":"https:\/\/aina-medizinabrechnung.de\/?page_id=246"},"modified":"2025-12-19T11:55:26","modified_gmt":"2025-12-19T11:55:26","slug":"aina-netzwerk","status":"publish","type":"page","link":"https:\/\/aina-medizinabrechnung.de\/?page_id=246","title":{"rendered":"AINA Netzwerk"},"content":{"rendered":"\t\t<div data-elementor-type=\"wp-page\" data-elementor-id=\"246\" class=\"elementor elementor-246\" data-elementor-post-type=\"page\">\n\t\t\t\t<div class=\"elementor-element elementor-element-6edb0f80 e-con-full e-flex e-con e-parent\" data-id=\"6edb0f80\" data-element_type=\"container\" data-settings=\"{&quot;background_background&quot;:&quot;classic&quot;}\">\n\t\t\t\t<\/div>\n\t\t<div class=\"elementor-element elementor-element-22a33fc1 e-con-full e-flex e-con e-parent\" data-id=\"22a33fc1\" data-element_type=\"container\" data-settings=\"{&quot;background_background&quot;:&quot;gradient&quot;,&quot;sticky_on&quot;:[&quot;desktop&quot;,&quot;tablet&quot;],&quot;sticky&quot;:&quot;top&quot;,&quot;sticky_offset&quot;:102,&quot;sticky_effects_offset&quot;:0,&quot;sticky_anchor_link_offset&quot;:0}\">\n\t\t<div class=\"elementor-element elementor-element-47d6f0a1 e-con-full e-flex e-con e-child\" data-id=\"47d6f0a1\" data-element_type=\"container\">\n\t\t\t\t<div class=\"elementor-element elementor-element-65560788 elementor-nav-menu__align-center elementor-nav-menu--dropdown-none elementor-widget elementor-widget-nav-menu\" data-id=\"65560788\" data-element_type=\"widget\" data-settings=\"{&quot;layout&quot;:&quot;horizontal&quot;,&quot;submenu_icon&quot;:{&quot;value&quot;:&quot;&lt;svg aria-hidden=\\&quot;true\\&quot; class=\\&quot;e-font-icon-svg e-fas-caret-down\\&quot; viewBox=\\&quot;0 0 320 512\\&quot; xmlns=\\&quot;http:\\\/\\\/www.w3.org\\\/2000\\\/svg\\&quot;&gt;&lt;path d=\\&quot;M31.3 192h257.3c17.8 0 26.7 21.5 14.1 34.1L174.1 354.8c-7.8 7.8-20.5 7.8-28.3 0L17.2 226.1C4.6 213.5 13.5 192 31.3 192z\\&quot;&gt;&lt;\\\/path&gt;&lt;\\\/svg&gt;&quot;,&quot;library&quot;:&quot;fa-solid&quot;}}\" data-widget_type=\"nav-menu.default\">\n\t\t\t\t\t\t\t\t<nav aria-label=\"Menu\" class=\"elementor-nav-menu--main elementor-nav-menu__container elementor-nav-menu--layout-horizontal e--pointer-none\">\r\n\t\t\t\t<ul id=\"menu-1-65560788\" class=\"elementor-nav-menu\"><li class=\"menu-item menu-item-type-post_type menu-item-object-page menu-item-241\"><a href=\"https:\/\/aina-medizinabrechnung.de\/?page_id=233\" class=\"elementor-item\">\u00dcber AINA<\/a><\/li>\n<li class=\"menu-item menu-item-type-post_type menu-item-object-page menu-item-271\"><a href=\"https:\/\/aina-medizinabrechnung.de\/?page_id=246\" class=\"elementor-item\">AINA Netzwerk<\/a><\/li>\n<li class=\"menu-item menu-item-type-post_type menu-item-object-page menu-item-270\"><a href=\"https:\/\/aina-medizinabrechnung.de\/?page_id=255\" class=\"elementor-item\">AINA Engagement<\/a><\/li>\n<li class=\"menu-item menu-item-type-post_type menu-item-object-page menu-item-280\"><a href=\"https:\/\/aina-medizinabrechnung.de\/?page_id=272\" class=\"elementor-item\">AINA Career<\/a><\/li>\n<\/ul>\t\t\t<\/nav>\r\n\t\t\t\t\t\t<nav class=\"elementor-nav-menu--dropdown elementor-nav-menu__container\" aria-hidden=\"true\">\r\n\t\t\t\t<ul id=\"menu-2-65560788\" class=\"elementor-nav-menu\"><li class=\"menu-item menu-item-type-post_type menu-item-object-page menu-item-241\"><a href=\"https:\/\/aina-medizinabrechnung.de\/?page_id=233\" class=\"elementor-item\" tabindex=\"-1\">\u00dcber AINA<\/a><\/li>\n<li class=\"menu-item menu-item-type-post_type menu-item-object-page menu-item-271\"><a href=\"https:\/\/aina-medizinabrechnung.de\/?page_id=246\" class=\"elementor-item\" tabindex=\"-1\">AINA Netzwerk<\/a><\/li>\n<li class=\"menu-item menu-item-type-post_type menu-item-object-page menu-item-270\"><a href=\"https:\/\/aina-medizinabrechnung.de\/?page_id=255\" class=\"elementor-item\" tabindex=\"-1\">AINA Engagement<\/a><\/li>\n<li class=\"menu-item menu-item-type-post_type menu-item-object-page menu-item-280\"><a href=\"https:\/\/aina-medizinabrechnung.de\/?page_id=272\" class=\"elementor-item\" tabindex=\"-1\">AINA Career<\/a><\/li>\n<\/ul>\t\t\t<\/nav>\r\n\t\t\t\t\t\t<\/div>\n\t\t\t\t<\/div>\n\t\t\t\t<\/div>\n\t\t<div class=\"elementor-element elementor-element-12335f4 e-flex e-con-boxed e-con e-parent\" data-id=\"12335f4\" data-element_type=\"container\" data-settings=\"{&quot;background_background&quot;:&quot;classic&quot;}\">\n\t\t\t\t\t<div class=\"e-con-inner\">\n\t\t\t\t<div class=\"elementor-element elementor-element-61eae1cf elementor-widget elementor-widget-spacer\" data-id=\"61eae1cf\" data-element_type=\"widget\" data-widget_type=\"spacer.default\">\n\t\t\t\t\t\t\t<div class=\"elementor-spacer\">\n\t\t\t<div class=\"elementor-spacer-inner\"><\/div>\n\t\t<\/div>\n\t\t\t\t\t\t<\/div>\n\t\t\t\t<div class=\"elementor-element elementor-element-2ea8fc01 elementor-widget elementor-widget-heading\" data-id=\"2ea8fc01\" data-element_type=\"widget\" data-widget_type=\"heading.default\">\n\t\t\t\t\t<h2 class=\"elementor-heading-title elementor-size-default\">AINA - networking<\/h2>\t\t\t\t<\/div>\n\t\t\t\t<div class=\"elementor-element elementor-element-36691a6e elementor-widget elementor-widget-heading\" data-id=\"36691a6e\" data-element_type=\"widget\" data-widget_type=\"heading.default\">\n\t\t\t\t\t<h2 class=\"elementor-heading-title elementor-size-default\">Praxispartner \u2013 Ein Netzwerk h\u00f6chster Kompetenz <\/h2>\t\t\t\t<\/div>\n\t\t\t\t<div class=\"elementor-element elementor-element-6ba0147e elementor-widget elementor-widget-spacer\" data-id=\"6ba0147e\" data-element_type=\"widget\" data-widget_type=\"spacer.default\">\n\t\t\t\t\t\t\t<div class=\"elementor-spacer\">\n\t\t\t<div class=\"elementor-spacer-inner\"><\/div>\n\t\t<\/div>\n\t\t\t\t\t\t<\/div>\n\t\t\t\t<div class=\"elementor-element elementor-element-d34bef7 elementor-widget elementor-widget-text-editor\" data-id=\"d34bef7\" data-element_type=\"widget\" data-widget_type=\"text-editor.default\">\n\t\t\t\t\t\t\t\t\t<p class=\"font_8 wixui-rich-text__text\"><span class=\"wixui-rich-text__text\">AINA<span class=\"color_15 wixui-rich-text__text\"> ist Teil eines aktiven Netzwerks, dessen Partner Ihre Qualit\u00e4ten in mehr als einem gemeinsamen Projekt unter Beweis gestellt haben. Neben der Abrechnung k\u00f6nnen wir Ihnen deshalb auch in vielen anderen Bereichen weiterhelfen, die f\u00fcr das reibungslose Funktionieren Ihrer Praxis unabdingbar sind \u2013 indem wir Ihnen den Kontakt zu zuverl\u00e4ssigen und kompetenten Fachleuten herstellen.<\/span><\/span><\/p><p class=\"font_8 wixui-rich-text__text\"><span class=\"wixui-rich-text__text\">Consus-clinicmanagement GmbH, Freiburg\u00a0<br \/><\/span><span class=\"wixui-rich-text__text\"><a class=\"wixui-rich-text__text\" href=\"http:\/\/www.consus-clinicmanagement.de\/\" target=\"_blank\" rel=\"noopener\" data-auto-recognition=\"true\">www.consus-clinicmanagement.de<\/a><\/span><\/p><p class=\"font_8 wixui-rich-text__text\">\u00a0<\/p><p class=\"font_8 wixui-rich-text__text\"><span class=\"wixui-rich-text__text\">Interroy GmbH, Netzwerktechnik und IT-Support f\u00fcr Praxen<br \/><\/span><span class=\"wixui-rich-text__text\"><a class=\"wixui-rich-text__text\" href=\"http:\/\/www.interroy.de\/\" target=\"_blank\" rel=\"noopener\" data-auto-recognition=\"true\">www.interroy.de<\/a><\/span><\/p><p class=\"font_8 wixui-rich-text__text\"><span class=\"wixui-rich-text__text\"><span class=\"wixGuard wixui-rich-text__text\">\u200b<\/span><\/span><\/p><p class=\"font_8 wixui-rich-text__text\"><span class=\"wixui-rich-text__text\">Odontolo &#8211; das Zahnarztportal<br \/><\/span><span class=\"wixui-rich-text__text\"><a class=\"wixui-rich-text__text\" href=\"http:\/\/www.odontolo.de\/\" target=\"_blank\" rel=\"noopener\" data-auto-recognition=\"true\">www.odontolo.de<\/a><\/span><\/p><p class=\"font_8 wixui-rich-text__text\"><span class=\"wixui-rich-text__text\"><span class=\"wixGuard wixui-rich-text__text\">\u200b<\/span><\/span><\/p><p class=\"font_8 wixui-rich-text__text\"><span class=\"wixui-rich-text__text\">STORZ MEDICAL ALLIANCE<br \/><\/span><span class=\"wixui-rich-text__text\"><a class=\"wixui-rich-text__text\" href=\"http:\/\/www.storzmedical-alliance.de\/\" target=\"_blank\" rel=\"noreferrer noopener\">www.storzmedical-alliance.de<\/a><\/span><\/p><p class=\"font_8 wixui-rich-text__text\"><span class=\"wixui-rich-text__text\"><span class=\"wixGuard wixui-rich-text__text\">\u200b<\/span><\/span><\/p><p class=\"font_8 wixui-rich-text__text\"><span class=\"wixui-rich-text__text\">VSOU Vereinigung S\u00fcddeutscher Orthop\u00e4den und Unfallchirurgen e.V.<br \/><\/span><span class=\"wixui-rich-text__text\"><a class=\"wixui-rich-text__text\" href=\"http:\/\/www.vsou.de\/\" target=\"_blank\" rel=\"noreferrer noopener\">www.vsou.de<\/a><\/span><\/p><p class=\"font_8 wixui-rich-text__text\"><span class=\"wixui-rich-text__text\"><span class=\"wixGuard wixui-rich-text__text\">\u200b<\/span><\/span><\/p><p class=\"font_8 wixui-rich-text__text\"><span class=\"wixui-rich-text__text\">ASM-International, Kongressplanung und Organisation<br \/><\/span><span class=\"wixui-rich-text__text\"><a class=\"wixui-rich-text__text\" href=\"http:\/\/www.asm-international.de\/\" target=\"_blank\" rel=\"noreferrer noopener\">www.asm-international.de<\/a><\/span><\/p><p class=\"font_8 wixui-rich-text__text\"><span class=\"wixui-rich-text__text\"><span class=\"wixGuard wixui-rich-text__text\">\u200b<\/span><\/span><\/p><p class=\"font_8 wixui-rich-text__text\"><span class=\"wixui-rich-text__text\">BDC \u2013 Berufsverband der Deutschen Chirurgen e.V.<\/span><\/p><p class=\"font_8 wixui-rich-text__text\"><span class=\"wixui-rich-text__text\"><a class=\"wixui-rich-text__text\" href=\"http:\/\/www.bdc.de\/\" target=\"_blank\" rel=\"noreferrer noopener\">www.bdc.de<\/a><\/span><\/p><p class=\"font_8 wixui-rich-text__text\"><span class=\"wixui-rich-text__text\"><span class=\"wixGuard wixui-rich-text__text\">\u200b<\/span><\/span><\/p><p class=\"font_8 wixui-rich-text__text\"><span class=\"wixui-rich-text__text\">BVOU \u2013 Berufsverband f\u00fcr Orthop\u00e4die und Unfallchirurgie e. V.<br \/><\/span><span class=\"wixui-rich-text__text\"><a class=\"wixui-rich-text__text\" href=\"http:\/\/www.bvou.net\/\" target=\"_blank\" rel=\"noreferrer noopener\">www.bvou.net<\/a><\/span><\/p>\t\t\t\t\t\t\t\t<\/div>\n\t\t\t\t<div class=\"elementor-element elementor-element-3897d02e elementor-widget elementor-widget-spacer\" data-id=\"3897d02e\" data-element_type=\"widget\" data-widget_type=\"spacer.default\">\n\t\t\t\t\t\t\t<div class=\"elementor-spacer\">\n\t\t\t<div class=\"elementor-spacer-inner\"><\/div>\n\t\t<\/div>\n\t\t\t\t\t\t<\/div>\n\t\t\t\t\t<\/div>\n\t\t\t\t<\/div>\n\t\t\t\t<\/div>\n\t\t","protected":false},"excerpt":{"rendered":"<p>AINA &#8211; networking Praxispartner \u2013 Ein Netzwerk h\u00f6chster Kompetenz AINA ist Teil eines aktiven Netzwerks, dessen Partner Ihre Qualit\u00e4ten in mehr als einem gemeinsamen Projekt unter Beweis gestellt haben. Neben der Abrechnung k\u00f6nnen wir Ihnen deshalb auch in vielen anderen Bereichen weiterhelfen, die f\u00fcr das reibungslose Funktionieren Ihrer Praxis unabdingbar sind \u2013 indem wir Ihnen [&hellip;]<\/p>\n","protected":false},"author":1,"featured_media":0,"parent":0,"menu_order":0,"comment_status":"closed","ping_status":"closed","template":"","meta":{"inline_featured_image":false,"footnotes":""},"class_list":["post-246","page","type-page","status-publish","hentry"],"_links":{"self":[{"href":"https:\/\/aina-medizinabrechnung.de\/index.php?rest_route=\/wp\/v2\/pages\/246","targetHints":{"allow":["GET"]}}],"collection":[{"href":"https:\/\/aina-medizinabrechnung.de\/index.php?rest_route=\/wp\/v2\/pages"}],"about":[{"href":"https:\/\/aina-medizinabrechnung.de\/index.php?rest_route=\/wp\/v2\/types\/page"}],"author":[{"embeddable":true,"href":"https:\/\/aina-medizinabrechnung.de\/index.php?rest_route=\/wp\/v2\/users\/1"}],"replies":[{"embeddable":true,"href":"https:\/\/aina-medizinabrechnung.de\/index.php?rest_route=%2Fwp%2Fv2%2Fcomments&post=246"}],"version-history":[{"count":10,"href":"https:\/\/aina-medizinabrechnung.de\/index.php?rest_route=\/wp\/v2\/pages\/246\/revisions"}],"predecessor-version":[{"id":468,"href":"https:\/\/aina-medizinabrechnung.de\/index.php?rest_route=\/wp\/v2\/pages\/246\/revisions\/468"}],"wp:attachment":[{"href":"https:\/\/aina-medizinabrechnung.de\/index.php?rest_route=%2Fwp%2Fv2%2Fmedia&parent=246"}],"curies":[{"name":"wp","href":"https:\/\/api.w.org\/{rel}","templated":true}]}}