{"id":233,"date":"2025-12-15T19:25:26","date_gmt":"2025-12-15T19:25:26","guid":{"rendered":"https:\/\/aina-medizinabrechnung.de\/?page_id=233"},"modified":"2025-12-19T12:01:46","modified_gmt":"2025-12-19T12:01:46","slug":"uber-aina","status":"publish","type":"page","link":"https:\/\/aina-medizinabrechnung.de\/?page_id=233","title":{"rendered":"\u00dcber AINA"},"content":{"rendered":"\t\t<div data-elementor-type=\"wp-page\" data-elementor-id=\"233\" class=\"elementor elementor-233\" data-elementor-post-type=\"page\">\n\t\t\t\t<div class=\"elementor-element elementor-element-6eaf5ae e-con-full e-flex e-con e-parent\" data-id=\"6eaf5ae\" data-element_type=\"container\" data-settings=\"{&quot;background_background&quot;:&quot;classic&quot;}\">\n\t\t\t\t<\/div>\n\t\t<div class=\"elementor-element elementor-element-30fc8681 e-con-full e-flex e-con e-parent\" data-id=\"30fc8681\" data-element_type=\"container\" data-settings=\"{&quot;background_background&quot;:&quot;gradient&quot;,&quot;sticky_on&quot;:[&quot;desktop&quot;,&quot;tablet&quot;],&quot;sticky&quot;:&quot;top&quot;,&quot;sticky_offset&quot;:102,&quot;sticky_effects_offset&quot;:0,&quot;sticky_anchor_link_offset&quot;:0}\">\n\t\t<div class=\"elementor-element elementor-element-31ed364f e-con-full e-flex e-con e-child\" data-id=\"31ed364f\" data-element_type=\"container\">\n\t\t\t\t<div class=\"elementor-element elementor-element-8b6529e elementor-nav-menu__align-center elementor-nav-menu--dropdown-none elementor-widget elementor-widget-nav-menu\" data-id=\"8b6529e\" data-element_type=\"widget\" data-settings=\"{&quot;layout&quot;:&quot;horizontal&quot;,&quot;submenu_icon&quot;:{&quot;value&quot;:&quot;&lt;svg aria-hidden=\\&quot;true\\&quot; class=\\&quot;e-font-icon-svg e-fas-caret-down\\&quot; viewBox=\\&quot;0 0 320 512\\&quot; xmlns=\\&quot;http:\\\/\\\/www.w3.org\\\/2000\\\/svg\\&quot;&gt;&lt;path d=\\&quot;M31.3 192h257.3c17.8 0 26.7 21.5 14.1 34.1L174.1 354.8c-7.8 7.8-20.5 7.8-28.3 0L17.2 226.1C4.6 213.5 13.5 192 31.3 192z\\&quot;&gt;&lt;\\\/path&gt;&lt;\\\/svg&gt;&quot;,&quot;library&quot;:&quot;fa-solid&quot;}}\" data-widget_type=\"nav-menu.default\">\n\t\t\t\t\t\t\t\t<nav aria-label=\"Menu\" class=\"elementor-nav-menu--main elementor-nav-menu__container elementor-nav-menu--layout-horizontal e--pointer-none\">\r\n\t\t\t\t<ul id=\"menu-1-8b6529e\" class=\"elementor-nav-menu\"><li class=\"menu-item menu-item-type-post_type menu-item-object-page menu-item-241\"><a href=\"https:\/\/aina-medizinabrechnung.de\/?page_id=233\" class=\"elementor-item\">\u00dcber AINA<\/a><\/li>\n<li class=\"menu-item menu-item-type-post_type menu-item-object-page menu-item-271\"><a href=\"https:\/\/aina-medizinabrechnung.de\/?page_id=246\" class=\"elementor-item\">AINA Netzwerk<\/a><\/li>\n<li class=\"menu-item menu-item-type-post_type menu-item-object-page menu-item-270\"><a href=\"https:\/\/aina-medizinabrechnung.de\/?page_id=255\" class=\"elementor-item\">AINA Engagement<\/a><\/li>\n<li class=\"menu-item menu-item-type-post_type menu-item-object-page menu-item-280\"><a href=\"https:\/\/aina-medizinabrechnung.de\/?page_id=272\" class=\"elementor-item\">AINA Career<\/a><\/li>\n<\/ul>\t\t\t<\/nav>\r\n\t\t\t\t\t\t<nav class=\"elementor-nav-menu--dropdown elementor-nav-menu__container\" aria-hidden=\"true\">\r\n\t\t\t\t<ul id=\"menu-2-8b6529e\" class=\"elementor-nav-menu\"><li class=\"menu-item menu-item-type-post_type menu-item-object-page menu-item-241\"><a href=\"https:\/\/aina-medizinabrechnung.de\/?page_id=233\" class=\"elementor-item\" tabindex=\"-1\">\u00dcber AINA<\/a><\/li>\n<li class=\"menu-item menu-item-type-post_type menu-item-object-page menu-item-271\"><a href=\"https:\/\/aina-medizinabrechnung.de\/?page_id=246\" class=\"elementor-item\" tabindex=\"-1\">AINA Netzwerk<\/a><\/li>\n<li class=\"menu-item menu-item-type-post_type menu-item-object-page menu-item-270\"><a href=\"https:\/\/aina-medizinabrechnung.de\/?page_id=255\" class=\"elementor-item\" tabindex=\"-1\">AINA Engagement<\/a><\/li>\n<li class=\"menu-item menu-item-type-post_type menu-item-object-page menu-item-280\"><a href=\"https:\/\/aina-medizinabrechnung.de\/?page_id=272\" class=\"elementor-item\" tabindex=\"-1\">AINA Career<\/a><\/li>\n<\/ul>\t\t\t<\/nav>\r\n\t\t\t\t\t\t<\/div>\n\t\t\t\t<\/div>\n\t\t\t\t<\/div>\n\t\t<div class=\"elementor-element elementor-element-9ce1de3 e-flex e-con-boxed e-con e-parent\" data-id=\"9ce1de3\" data-element_type=\"container\" data-settings=\"{&quot;background_background&quot;:&quot;classic&quot;}\">\n\t\t\t\t\t<div class=\"e-con-inner\">\n\t\t\t\t<div class=\"elementor-element elementor-element-34f0974d elementor-widget elementor-widget-spacer\" data-id=\"34f0974d\" data-element_type=\"widget\" data-widget_type=\"spacer.default\">\n\t\t\t\t\t\t\t<div class=\"elementor-spacer\">\n\t\t\t<div class=\"elementor-spacer-inner\"><\/div>\n\t\t<\/div>\n\t\t\t\t\t\t<\/div>\n\t\t\t\t<div class=\"elementor-element elementor-element-d42a5cc elementor-widget elementor-widget-heading\" data-id=\"d42a5cc\" data-element_type=\"widget\" data-widget_type=\"heading.default\">\n\t\t\t\t\t<h2 class=\"elementor-heading-title elementor-size-default\">\u00dcber AINA<\/h2>\t\t\t\t<\/div>\n\t\t\t\t<div class=\"elementor-element elementor-element-1e1ec172 elementor-widget elementor-widget-heading\" data-id=\"1e1ec172\" data-element_type=\"widget\" data-widget_type=\"heading.default\">\n\t\t\t\t\t<h2 class=\"elementor-heading-title elementor-size-default\">In einem Boot <\/h2>\t\t\t\t<\/div>\n\t\t\t\t<div class=\"elementor-element elementor-element-66e407d elementor-widget elementor-widget-spacer\" data-id=\"66e407d\" data-element_type=\"widget\" data-widget_type=\"spacer.default\">\n\t\t\t\t\t\t\t<div class=\"elementor-spacer\">\n\t\t\t<div class=\"elementor-spacer-inner\"><\/div>\n\t\t<\/div>\n\t\t\t\t\t\t<\/div>\n\t\t\t\t<div class=\"elementor-element elementor-element-2fc2fdfa elementor-widget elementor-widget-text-editor\" data-id=\"2fc2fdfa\" data-element_type=\"widget\" data-widget_type=\"text-editor.default\">\n\t\t\t\t\t\t\t\t\t<p class=\"font_8 wixui-rich-text__text\"><span class=\"wixui-rich-text__text\">AINA \u2013 ist ein rein \u00e4rztliches Abrechnungsinstitut!<\/span><\/p><p class=\"font_8 wixui-rich-text__text\"><span class=\"wixui-rich-text__text\">Mit 8 \u00c4rzteInnen und \u00c4rzten, geb\u00fcndelter medizinischer Fachkenntnis und \u00fcber 30 Jahren Abrechnungserfahrung wurden die gewonnen Erkenntnisse umgesetzt und das Thema Honorarmanagement mit innovativen Prozessen neu gedacht.<\/span><span class=\"wixui-rich-text__text\">\u00a0<\/span><\/p><p class=\"font_8 wixui-rich-text__text\"><span class=\"wixui-rich-text__text\">Wir sind s\u00e4mtlich praktizierende \u00c4rzteInnen und sehen t\u00e4glich in unseren Praxen und Klinikabteilungen PatientInnen &#8211; wie Sie. Genau dieses &#8220;Hybrid&#8221; macht AINA aus!\u00a0<\/span><\/p><p class=\"font_8 wixui-rich-text__text\"><span class=\"wixui-rich-text__text\">Darum verstehen wir die Behandlungsschritte, erkennen Individualit\u00e4t! <\/span><\/p><p class=\"font_8 wixui-rich-text__text\"><span class=\"wixui-rich-text__text\">Gemeinsam mit Ihnen machen wir Ihre speziellen Angebote und Ihre t\u00e4gliche, gute Arbeit sichtbar f\u00fcr PatientInnen und Versicherungen.\u00a0 Unser \u00e4rztliches Wissen ist die unverzichtbare Basis, um Ihre Leistung nachvollziehbar und verst\u00e4ndlich nach den Regeln der GO\u00c4, UV-GO\u00c4, IGel und DRG so abzubilden, dass diese mit bestm\u00f6glich rechtssicherer Abrechnung gew\u00fcrdigt wird \u00a0<\/span><span class=\"wixui-rich-text__text\">immer im Dialog mit Ihnen und Ihren Teams, in der unterst\u00fctzenden Kommunikation mit Ihren PatientInnen und in der fachlichen Diskussion mit den Kostenerstattungsinstitutionen. \u00a0Daf\u00fcr denken wir auch gern um die Ecke \u2013 je komplexer, desto besser &#8211; Abrechnung ist unsere Passion!<\/span><\/p><p class=\"font_8 wixui-rich-text__text\"><span class=\"wixui-rich-text__text\">Ihre Honorare p\u00fcnktlich und 100% sicher einzubringen ist essentiell \u2013 auch daf\u00fcr haben wir innovative Konzepte entwickelt!<\/span><\/p><p class=\"font_8 wixui-rich-text__text\"><span class=\"wixui-rich-text__text\">Eben \u201coutside the box!\u201c<\/span><\/p><p class=\"font_8 wixui-rich-text__text\"><span class=\"wixui-rich-text__text\">Nicht zuletzt sind wir aber alle auch &#8211; zumindest manchmal &#8211; PatentInnen!<\/span><\/p><p class=\"font_8 wixui-rich-text__text\"><span class=\"wixui-rich-text__text\">Darum legen wir gr\u00f6\u00dften Wert darauf, dass Ihre PatientInnen bei uns so freundlich und zuvorkommend betreut werden, wie sie das aus Ihrer Behandlung kennen.<\/span><\/p><p class=\"font_8 wixui-rich-text__text\"><span class=\"wixui-rich-text__text\">Dieses Gesamtkonzept setzen wir f\u00fcr Sie in zahlreichen vernetzten und eigenst\u00e4ndigen Modulen um.<\/span><\/p><p class=\"font_8 wixui-rich-text__text\"><span class=\"wixui-rich-text__text\">Daneben gibt es die vierte Dimension der gelebten Philosophie von AINA: das unb\u00fcrokratische, menschliche Miteinander.<\/span><\/p><p class=\"font_8 wixui-rich-text__text\"><span class=\"wixui-rich-text__text\">Wir sind stolz, dass viele unserer Mandantinnen und Mandanten sich als Teil einer Gemeinschaft empfinden. Mehrmals im Jahr treffen wir uns mit Ihnen \u2013 zur fachlichen Fortbildung, zu Seminaren im GO\u00c4-Bereich, zu wirtschaftlichen und rechtlichen Themen sowie Themen des EBM \u2013 oder zu den Netzwerktreffen in unserem Schulungszentrum.\u00a0<\/span><\/p><p class=\"font_8 wixui-rich-text__text\"><span class=\"wixui-rich-text__text\">Unser Team ist gl\u00fccklich \u00fcber diesen wegweisenden Schritt und freut sich darauf, Sie in die digitale Zukunft in der medizinischen Abrechnung zu begleiten.<\/span><\/p>\t\t\t\t\t\t\t\t<\/div>\n\t\t\t\t<div class=\"elementor-element elementor-element-3d9b0745 elementor-widget elementor-widget-spacer\" data-id=\"3d9b0745\" data-element_type=\"widget\" data-widget_type=\"spacer.default\">\n\t\t\t\t\t\t\t<div class=\"elementor-spacer\">\n\t\t\t<div class=\"elementor-spacer-inner\"><\/div>\n\t\t<\/div>\n\t\t\t\t\t\t<\/div>\n\t\t\t\t\t<\/div>\n\t\t\t\t<\/div>\n\t\t\t\t<\/div>\n\t\t","protected":false},"excerpt":{"rendered":"<p>\u00dcber AINA In einem Boot AINA \u2013 ist ein rein \u00e4rztliches Abrechnungsinstitut! Mit 8 \u00c4rzteInnen und \u00c4rzten, geb\u00fcndelter medizinischer Fachkenntnis und \u00fcber 30 Jahren Abrechnungserfahrung wurden die gewonnen Erkenntnisse umgesetzt und das Thema Honorarmanagement mit innovativen Prozessen neu gedacht.\u00a0 Wir sind s\u00e4mtlich praktizierende \u00c4rzteInnen und sehen t\u00e4glich in unseren Praxen und Klinikabteilungen PatientInnen &#8211; wie [&hellip;]<\/p>\n","protected":false},"author":1,"featured_media":0,"parent":0,"menu_order":0,"comment_status":"closed","ping_status":"closed","template":"","meta":{"inline_featured_image":false,"footnotes":""},"class_list":["post-233","page","type-page","status-publish","hentry"],"_links":{"self":[{"href":"https:\/\/aina-medizinabrechnung.de\/index.php?rest_route=\/wp\/v2\/pages\/233","targetHints":{"allow":["GET"]}}],"collection":[{"href":"https:\/\/aina-medizinabrechnung.de\/index.php?rest_route=\/wp\/v2\/pages"}],"about":[{"href":"https:\/\/aina-medizinabrechnung.de\/index.php?rest_route=\/wp\/v2\/types\/page"}],"author":[{"embeddable":true,"href":"https:\/\/aina-medizinabrechnung.de\/index.php?rest_route=\/wp\/v2\/users\/1"}],"replies":[{"embeddable":true,"href":"https:\/\/aina-medizinabrechnung.de\/index.php?rest_route=%2Fwp%2Fv2%2Fcomments&post=233"}],"version-history":[{"count":19,"href":"https:\/\/aina-medizinabrechnung.de\/index.php?rest_route=\/wp\/v2\/pages\/233\/revisions"}],"predecessor-version":[{"id":485,"href":"https:\/\/aina-medizinabrechnung.de\/index.php?rest_route=\/wp\/v2\/pages\/233\/revisions\/485"}],"wp:attachment":[{"href":"https:\/\/aina-medizinabrechnung.de\/index.php?rest_route=%2Fwp%2Fv2%2Fmedia&parent=233"}],"curies":[{"name":"wp","href":"https:\/\/api.w.org\/{rel}","templated":true}]}}