{"id":224,"date":"2025-12-15T19:11:48","date_gmt":"2025-12-15T19:11:48","guid":{"rendered":"https:\/\/aina-medizinabrechnung.de\/?page_id=224"},"modified":"2025-12-19T12:02:15","modified_gmt":"2025-12-19T12:02:15","slug":"ina-care-patientenbetreuung","status":"publish","type":"page","link":"https:\/\/aina-medizinabrechnung.de\/?page_id=224","title":{"rendered":"INA CARE Patientenbetreuung"},"content":{"rendered":"\t\t<div data-elementor-type=\"wp-page\" data-elementor-id=\"224\" class=\"elementor elementor-224\" data-elementor-post-type=\"page\">\n\t\t\t\t<div class=\"elementor-element elementor-element-44d2cb37 e-con-full e-flex e-con e-parent\" data-id=\"44d2cb37\" data-element_type=\"container\" data-settings=\"{&quot;background_background&quot;:&quot;classic&quot;}\">\n\t\t\t\t<\/div>\n\t\t<div class=\"elementor-element elementor-element-76df0abb e-flex e-con-boxed e-con e-parent\" data-id=\"76df0abb\" data-element_type=\"container\" data-settings=\"{&quot;background_background&quot;:&quot;classic&quot;}\">\n\t\t\t\t\t<div class=\"e-con-inner\">\n\t\t\t\t<div class=\"elementor-element elementor-element-46b48908 elementor-widget elementor-widget-spacer\" data-id=\"46b48908\" data-element_type=\"widget\" data-widget_type=\"spacer.default\">\n\t\t\t\t\t\t\t<div class=\"elementor-spacer\">\n\t\t\t<div class=\"elementor-spacer-inner\"><\/div>\n\t\t<\/div>\n\t\t\t\t\t\t<\/div>\n\t\t\t\t<div class=\"elementor-element elementor-element-a8516fc elementor-widget elementor-widget-heading\" data-id=\"a8516fc\" data-element_type=\"widget\" data-widget_type=\"heading.default\">\n\t\t\t\t\t<h2 class=\"elementor-heading-title elementor-size-default\">AINA CARE - Patientenbetreuung<\/h2>\t\t\t\t<\/div>\n\t\t\t\t<div class=\"elementor-element elementor-element-6ea1c351 elementor-widget elementor-widget-heading\" data-id=\"6ea1c351\" data-element_type=\"widget\" data-widget_type=\"heading.default\">\n\t\t\t\t\t<h2 class=\"elementor-heading-title elementor-size-default\">Liebe Patientinnen und Patienten<\/h2>\t\t\t\t<\/div>\n\t\t\t\t<div class=\"elementor-element elementor-element-6d5a9ff4 elementor-widget elementor-widget-spacer\" data-id=\"6d5a9ff4\" data-element_type=\"widget\" data-widget_type=\"spacer.default\">\n\t\t\t\t\t\t\t<div class=\"elementor-spacer\">\n\t\t\t<div class=\"elementor-spacer-inner\"><\/div>\n\t\t<\/div>\n\t\t\t\t\t\t<\/div>\n\t\t\t\t<div class=\"elementor-element elementor-element-48dc30ac elementor-widget elementor-widget-text-editor\" data-id=\"48dc30ac\" data-element_type=\"widget\" data-widget_type=\"text-editor.default\">\n\t\t\t\t\t\t\t\t\t<p class=\"font_8 wixui-rich-text__text\"><span class=\"wixui-rich-text__text\">AINA \u2013 ist ein rein \u00e4rztliches Abrechnungsinstitut!<\/span><\/p><p class=\"font_8 wixui-rich-text__text\"><span class=\"wixui-rich-text__text\">Mit 8 \u00c4rzteInnen und \u00c4rzten, geb\u00fcndelter medizinischer Fachkenntnis und \u00fcber 30 Jahren Abrechnungserfahrung wurden die gewonnen Erkenntnisse umgesetzt und das Thema Honorarmanagement mit innovativen Prozessen neu gedacht.<\/span><span class=\"wixui-rich-text__text\">\u00a0<\/span><\/p><p class=\"font_8 wixui-rich-text__text\"><span class=\"wixui-rich-text__text\">Wir sind s\u00e4mtlich praktizierende \u00c4rzteInnen und sehen t\u00e4glich in unseren Praxen und Klinikabteilungen PatientInnen &#8211; wie Sie. Genau dieses &#8220;Hybrid&#8221; macht AINA aus!\u00a0<\/span><\/p><p class=\"font_8 wixui-rich-text__text\"><span class=\"wixui-rich-text__text\">Deshalb betreuen wir Sie genauso umsichtig und zuvorkommend wie auch wir selbst unsere Patienten in unseren Praxen und Kliniken betreuen &#8211; und wie wir selbst betreut werden m\u00f6chten.<\/span><\/p><p class=\"font_8 wixui-rich-text__text\"><span class=\"wixui-rich-text__text\">Sie k\u00f6nnen sich mit allen Fragen direkt an AINA wenden. Daf\u00fcr haben wir f\u00fcr Sie das AINA Patientenportal eingerichtet. So k\u00f6nnen Sie jederzeit digital mit uns kommunizieren.\u00a0<\/span><\/p><p class=\"font_8 wixui-rich-text__text\"><span class=\"wixui-rich-text__text\">Zudem erhalten Sie mit der Rechnung auch einen eigens entwickelten, klar strukturierten Antwortbogen, der es Ihnen erleichtert, sich schriftlich mit uns in Verbindung zu setzen \u2013 als Alternative oder Erg\u00e4nzung zum AINA-Patientenportal, Anruf, Fax oder E-Mail.<\/span><\/p><p class=\"font_8 wixui-rich-text__text\"><span class=\"wixui-rich-text__text\">Kompetente und sorgf\u00e4ltige Vorbereitung und Kontrolle der Rechnungen sorgt daf\u00fcr, dass bei AINA von vornherein seltener Beanstandungen auftreten. Wo dies doch der Fall ist, versucht unser \u00c4rzteteam, alle Fragen eigenst\u00e4ndig zu kl\u00e4ren. Sie als behandelnder Arzt oder behandelnde \u00c4rztin werden nur im Notfall konsultiert. Das sichert Ihnen minimale Belastung \u2013 bei maximalem Ergebnis.<\/span><\/p><p class=\"font_8 wixui-rich-text__text\"><span class=\"wixui-rich-text__text\">Wenn Sie mit einer Beanstandung konfrontiert sind, k\u00f6nnen Sie sich an AINA\u00a0wenden und so die kostenlose Hilfe eines starken Partners sichern. Eines Partners, der genau im Thema steckt, sich auskennt, und mit dessen Erfahrung sich das Problem in aller Regel rasch aus dem Weg r\u00e4umen l\u00e4sst.<\/span><\/p><p class=\"font_8 wixui-rich-text__text\"><span class=\"wixui-rich-text__text\">Dass wir bei all diesen Aufgaben den Datenschutz ebenso ernst nehmen wie unsere Dokumentationspflicht, ist f\u00fcr uns eine Selbstverst\u00e4ndlichkeit. Schlie\u00dflich steht AINA f\u00fcr Premium-Betreuung, die nicht nur den Arzt entlastet, sondern auch die Ihre Zufriedenheit als Patientinnen und Patienten.<\/span><\/p>\t\t\t\t\t\t\t\t<\/div>\n\t\t\t\t<div class=\"elementor-element elementor-element-6a9cc70 elementor-widget elementor-widget-spacer\" data-id=\"6a9cc70\" data-element_type=\"widget\" data-widget_type=\"spacer.default\">\n\t\t\t\t\t\t\t<div class=\"elementor-spacer\">\n\t\t\t<div class=\"elementor-spacer-inner\"><\/div>\n\t\t<\/div>\n\t\t\t\t\t\t<\/div>\n\t\t\t\t\t<\/div>\n\t\t\t\t<\/div>\n\t\t\t\t<\/div>\n\t\t","protected":false},"excerpt":{"rendered":"<p>AINA CARE &#8211; Patientenbetreuung Liebe Patientinnen und Patienten AINA \u2013 ist ein rein \u00e4rztliches Abrechnungsinstitut! Mit 8 \u00c4rzteInnen und \u00c4rzten, geb\u00fcndelter medizinischer Fachkenntnis und \u00fcber 30 Jahren Abrechnungserfahrung wurden die gewonnen Erkenntnisse umgesetzt und das Thema Honorarmanagement mit innovativen Prozessen neu gedacht.\u00a0 Wir sind s\u00e4mtlich praktizierende \u00c4rzteInnen und sehen t\u00e4glich in unseren Praxen und Klinikabteilungen [&hellip;]<\/p>\n","protected":false},"author":1,"featured_media":0,"parent":0,"menu_order":0,"comment_status":"closed","ping_status":"closed","template":"","meta":{"inline_featured_image":false,"footnotes":""},"class_list":["post-224","page","type-page","status-publish","hentry"],"_links":{"self":[{"href":"https:\/\/aina-medizinabrechnung.de\/index.php?rest_route=\/wp\/v2\/pages\/224","targetHints":{"allow":["GET"]}}],"collection":[{"href":"https:\/\/aina-medizinabrechnung.de\/index.php?rest_route=\/wp\/v2\/pages"}],"about":[{"href":"https:\/\/aina-medizinabrechnung.de\/index.php?rest_route=\/wp\/v2\/types\/page"}],"author":[{"embeddable":true,"href":"https:\/\/aina-medizinabrechnung.de\/index.php?rest_route=\/wp\/v2\/users\/1"}],"replies":[{"embeddable":true,"href":"https:\/\/aina-medizinabrechnung.de\/index.php?rest_route=%2Fwp%2Fv2%2Fcomments&post=224"}],"version-history":[{"count":13,"href":"https:\/\/aina-medizinabrechnung.de\/index.php?rest_route=\/wp\/v2\/pages\/224\/revisions"}],"predecessor-version":[{"id":488,"href":"https:\/\/aina-medizinabrechnung.de\/index.php?rest_route=\/wp\/v2\/pages\/224\/revisions\/488"}],"wp:attachment":[{"href":"https:\/\/aina-medizinabrechnung.de\/index.php?rest_route=%2Fwp%2Fv2%2Fmedia&parent=224"}],"curies":[{"name":"wp","href":"https:\/\/api.w.org\/{rel}","templated":true}]}}