{"id":159,"date":"2025-12-15T17:47:45","date_gmt":"2025-12-15T17:47:45","guid":{"rendered":"https:\/\/aina-medizinabrechnung.de\/?page_id=159"},"modified":"2025-12-19T12:02:39","modified_gmt":"2025-12-19T12:02:39","slug":"aina-4u","status":"publish","type":"page","link":"https:\/\/aina-medizinabrechnung.de\/?page_id=159","title":{"rendered":"AINA 4U"},"content":{"rendered":"\t\t<div data-elementor-type=\"wp-page\" data-elementor-id=\"159\" class=\"elementor elementor-159\" data-elementor-post-type=\"page\">\n\t\t\t\t<div class=\"elementor-element elementor-element-52e8eb27 e-con-full e-flex e-con e-parent\" data-id=\"52e8eb27\" data-element_type=\"container\" data-settings=\"{&quot;background_background&quot;:&quot;classic&quot;}\">\n\t\t\t\t<\/div>\n\t\t<div class=\"elementor-element elementor-element-501c939 e-con-full e-flex e-con e-parent\" data-id=\"501c939\" data-element_type=\"container\" data-settings=\"{&quot;background_background&quot;:&quot;gradient&quot;,&quot;sticky_on&quot;:[&quot;desktop&quot;,&quot;tablet&quot;],&quot;sticky&quot;:&quot;top&quot;,&quot;sticky_offset&quot;:102,&quot;sticky_effects_offset&quot;:0,&quot;sticky_anchor_link_offset&quot;:0}\">\n\t\t<div class=\"elementor-element elementor-element-ae3b424 e-con-full e-flex e-con e-child\" data-id=\"ae3b424\" data-element_type=\"container\">\n\t\t\t\t<div class=\"elementor-element elementor-element-38d03595 elementor-nav-menu__align-center elementor-nav-menu--dropdown-none elementor-widget elementor-widget-nav-menu\" data-id=\"38d03595\" data-element_type=\"widget\" data-settings=\"{&quot;layout&quot;:&quot;horizontal&quot;,&quot;submenu_icon&quot;:{&quot;value&quot;:&quot;&lt;svg aria-hidden=\\&quot;true\\&quot; class=\\&quot;e-font-icon-svg e-fas-caret-down\\&quot; viewBox=\\&quot;0 0 320 512\\&quot; xmlns=\\&quot;http:\\\/\\\/www.w3.org\\\/2000\\\/svg\\&quot;&gt;&lt;path d=\\&quot;M31.3 192h257.3c17.8 0 26.7 21.5 14.1 34.1L174.1 354.8c-7.8 7.8-20.5 7.8-28.3 0L17.2 226.1C4.6 213.5 13.5 192 31.3 192z\\&quot;&gt;&lt;\\\/path&gt;&lt;\\\/svg&gt;&quot;,&quot;library&quot;:&quot;fa-solid&quot;}}\" data-widget_type=\"nav-menu.default\">\n\t\t\t\t\t\t\t\t<nav aria-label=\"Menu\" class=\"elementor-nav-menu--main elementor-nav-menu__container elementor-nav-menu--layout-horizontal e--pointer-none\">\r\n\t\t\t\t<ul id=\"menu-1-38d03595\" class=\"elementor-nav-menu\"><li class=\"menu-item menu-item-type-post_type menu-item-object-page menu-item-169\"><a href=\"https:\/\/aina-medizinabrechnung.de\/?page_id=72\" class=\"elementor-item\">Performance<\/a><\/li>\n<li class=\"menu-item menu-item-type-post_type menu-item-object-page menu-item-167\"><a href=\"https:\/\/aina-medizinabrechnung.de\/?page_id=139\" class=\"elementor-item\">AINA Wissen<\/a><\/li>\n<li class=\"menu-item menu-item-type-post_type menu-item-object-page menu-item-168\"><a href=\"https:\/\/aina-medizinabrechnung.de\/?page_id=117\" class=\"elementor-item\">AINA HON<\/a><\/li>\n<li class=\"menu-item menu-item-type-post_type menu-item-object-page menu-item-166\"><a href=\"https:\/\/aina-medizinabrechnung.de\/?page_id=149\" class=\"elementor-item\">Teamcoach<\/a><\/li>\n<li class=\"menu-item menu-item-type-post_type menu-item-object-page menu-item-165\"><a href=\"https:\/\/aina-medizinabrechnung.de\/?page_id=154\" class=\"elementor-item\">AINA Solution<\/a><\/li>\n<li class=\"menu-item menu-item-type-post_type menu-item-object-page menu-item-164\"><a href=\"https:\/\/aina-medizinabrechnung.de\/?page_id=159\" class=\"elementor-item\">AINA 4U<\/a><\/li>\n<\/ul>\t\t\t<\/nav>\r\n\t\t\t\t\t\t<nav class=\"elementor-nav-menu--dropdown elementor-nav-menu__container\" aria-hidden=\"true\">\r\n\t\t\t\t<ul id=\"menu-2-38d03595\" class=\"elementor-nav-menu\"><li class=\"menu-item menu-item-type-post_type menu-item-object-page menu-item-169\"><a href=\"https:\/\/aina-medizinabrechnung.de\/?page_id=72\" class=\"elementor-item\" tabindex=\"-1\">Performance<\/a><\/li>\n<li class=\"menu-item menu-item-type-post_type menu-item-object-page menu-item-167\"><a href=\"https:\/\/aina-medizinabrechnung.de\/?page_id=139\" class=\"elementor-item\" tabindex=\"-1\">AINA Wissen<\/a><\/li>\n<li class=\"menu-item menu-item-type-post_type menu-item-object-page menu-item-168\"><a href=\"https:\/\/aina-medizinabrechnung.de\/?page_id=117\" class=\"elementor-item\" tabindex=\"-1\">AINA HON<\/a><\/li>\n<li class=\"menu-item menu-item-type-post_type menu-item-object-page menu-item-166\"><a href=\"https:\/\/aina-medizinabrechnung.de\/?page_id=149\" class=\"elementor-item\" tabindex=\"-1\">Teamcoach<\/a><\/li>\n<li class=\"menu-item menu-item-type-post_type menu-item-object-page menu-item-165\"><a href=\"https:\/\/aina-medizinabrechnung.de\/?page_id=154\" class=\"elementor-item\" tabindex=\"-1\">AINA Solution<\/a><\/li>\n<li class=\"menu-item menu-item-type-post_type menu-item-object-page menu-item-164\"><a href=\"https:\/\/aina-medizinabrechnung.de\/?page_id=159\" class=\"elementor-item\" tabindex=\"-1\">AINA 4U<\/a><\/li>\n<\/ul>\t\t\t<\/nav>\r\n\t\t\t\t\t\t<\/div>\n\t\t\t\t<\/div>\n\t\t\t\t<\/div>\n\t\t<div class=\"elementor-element elementor-element-579a7de7 e-flex e-con-boxed e-con e-parent\" data-id=\"579a7de7\" data-element_type=\"container\" data-settings=\"{&quot;background_background&quot;:&quot;classic&quot;}\">\n\t\t\t\t\t<div class=\"e-con-inner\">\n\t\t\t\t<div class=\"elementor-element elementor-element-6f941c98 elementor-widget elementor-widget-spacer\" data-id=\"6f941c98\" data-element_type=\"widget\" data-widget_type=\"spacer.default\">\n\t\t\t\t\t\t\t<div class=\"elementor-spacer\">\n\t\t\t<div class=\"elementor-spacer-inner\"><\/div>\n\t\t<\/div>\n\t\t\t\t\t\t<\/div>\n\t\t\t\t<div class=\"elementor-element elementor-element-66490ad0 elementor-widget elementor-widget-heading\" data-id=\"66490ad0\" data-element_type=\"widget\" data-widget_type=\"heading.default\">\n\t\t\t\t\t<h2 class=\"elementor-heading-title elementor-size-default\">AINA 4U<\/h2>\t\t\t\t<\/div>\n\t\t\t\t<div class=\"elementor-element elementor-element-3e056e72 elementor-widget elementor-widget-heading\" data-id=\"3e056e72\" data-element_type=\"widget\" data-widget_type=\"heading.default\">\n\t\t\t\t\t<h2 class=\"elementor-heading-title elementor-size-default\">Bei AINA landen Honorarzahlungen immer direkt auf Ihrem pers\u00f6nlichen Konto \u2013 mit individuell w\u00e4hlbaren Tarifmodule!<\/h2>\t\t\t\t<\/div>\n\t\t\t\t<div class=\"elementor-element elementor-element-6d1eb251 elementor-widget elementor-widget-spacer\" data-id=\"6d1eb251\" data-element_type=\"widget\" data-widget_type=\"spacer.default\">\n\t\t\t\t\t\t\t<div class=\"elementor-spacer\">\n\t\t\t<div class=\"elementor-spacer-inner\"><\/div>\n\t\t<\/div>\n\t\t\t\t\t\t<\/div>\n\t\t\t\t<div class=\"elementor-element elementor-element-72f13667 elementor-widget elementor-widget-text-editor\" data-id=\"72f13667\" data-element_type=\"widget\" data-widget_type=\"text-editor.default\">\n\t\t\t\t\t\t\t\t\t<p class=\"font_8 wixui-rich-text__text\"><span class=\"wixui-rich-text__text\">AINA-Mandanten haben 100% Sicherheit &#8211; Sie sind der Inhaber Ihrer Forderungen und der Inhaber des Zahlungskontos.<\/span><\/p><p class=\"font_8 wixui-rich-text__text\"><span class=\"wixui-rich-text__text\">S\u00e4mtliche Honorarzahlungen werden direkt patient*Innenseitig auf Ihr pers\u00f6nliches &#8220;AINA&#8221;-Konto bei der Stadtsparkasse Burgdorf geleistet. Mittels eines Sichtzugangs zu diesem Konto, der die AINA dazu erm\u00e4chtigt, die Ums\u00e4tze zu sehen, k\u00f6nnen wir das gesamte Forderungsmanagement f\u00fcr Sie erledigen.\u00a0<\/span><\/p><p class=\"font_8 wixui-rich-text__text\"><span class=\"wixui-rich-text__text\">AINA-Tarife sind immer so angelegt, dass wir kostenneutral arbeiten. Doch Kliniken, Labore und Verb\u00e4nde brauchen andere L\u00f6sungen als Praxen. Und auch bei den Praxen gilt: Keine gleicht der anderen. Deshalb sind unsere Tarife so individuell wie unsere Kundinnen und Kunden.<\/span><\/p><p class=\"font_8 wixui-rich-text__text\"><span class=\"wixui-rich-text__text\">Welche Leistungen Sie brauchen und welche Tarifmodule f\u00fcr Sie passen, h\u00e4ngt von einer Reihe von Fragen ab: Wie sehen Ihre personellen Ressourcen aus? Wie steht es um die Zahlungsmoral Ihrer Patienten? Wollen Sie Ihre Praxis in n\u00e4chster Zeit erweitern?<\/span><\/p><p class=\"font_8 wixui-rich-text__text\"><span class=\"wixui-rich-text__text\">Unser Team kl\u00e4rt diese und alle weiteren Fragen im Gespr\u00e4ch mit Ihnen und erstellt ein genau auf Ihr Profil abgestimmtes, pers\u00f6nliches Angebot. Dabei rechnen wir Ihnen auch aus, wie viel Zeit und Verwaltungskosten Sie in Ihrer Praxis sparen k\u00f6nnen. Am Ende entscheiden Sie auf Basis dieses Wissens, welche Leistung Sie brauchen.<\/span><\/p><p class=\"font_8 wixui-rich-text__text\"><span class=\"wixui-rich-text__text\">Vielf\u00e4ltige \u00dcbersichten und Statistiken zu Ihren Therapien und Abrechnungen sichern Ihnen vollst\u00e4ndige Kostenkontrolle.\u00a0<\/span><span class=\"wixui-rich-text__text\">AINA ist leicht verst\u00e4ndlich und transparent.<\/span><\/p>\t\t\t\t\t\t\t\t<\/div>\n\t\t\t\t<div class=\"elementor-element elementor-element-6396de6c elementor-widget elementor-widget-spacer\" data-id=\"6396de6c\" data-element_type=\"widget\" data-widget_type=\"spacer.default\">\n\t\t\t\t\t\t\t<div class=\"elementor-spacer\">\n\t\t\t<div class=\"elementor-spacer-inner\"><\/div>\n\t\t<\/div>\n\t\t\t\t\t\t<\/div>\n\t\t\t\t\t<\/div>\n\t\t\t\t<\/div>\n\t\t\t\t<\/div>\n\t\t","protected":false},"excerpt":{"rendered":"<p>AINA 4U Bei AINA landen Honorarzahlungen immer direkt auf Ihrem pers\u00f6nlichen Konto \u2013 mit individuell w\u00e4hlbaren Tarifmodule! AINA-Mandanten haben 100% Sicherheit &#8211; Sie sind der Inhaber Ihrer Forderungen und der Inhaber des Zahlungskontos. S\u00e4mtliche Honorarzahlungen werden direkt patient*Innenseitig auf Ihr pers\u00f6nliches &#8220;AINA&#8221;-Konto bei der Stadtsparkasse Burgdorf geleistet. Mittels eines Sichtzugangs zu diesem Konto, der die [&hellip;]<\/p>\n","protected":false},"author":1,"featured_media":0,"parent":0,"menu_order":0,"comment_status":"closed","ping_status":"closed","template":"","meta":{"inline_featured_image":false,"footnotes":""},"class_list":["post-159","page","type-page","status-publish","hentry"],"_links":{"self":[{"href":"https:\/\/aina-medizinabrechnung.de\/index.php?rest_route=\/wp\/v2\/pages\/159","targetHints":{"allow":["GET"]}}],"collection":[{"href":"https:\/\/aina-medizinabrechnung.de\/index.php?rest_route=\/wp\/v2\/pages"}],"about":[{"href":"https:\/\/aina-medizinabrechnung.de\/index.php?rest_route=\/wp\/v2\/types\/page"}],"author":[{"embeddable":true,"href":"https:\/\/aina-medizinabrechnung.de\/index.php?rest_route=\/wp\/v2\/users\/1"}],"replies":[{"embeddable":true,"href":"https:\/\/aina-medizinabrechnung.de\/index.php?rest_route=%2Fwp%2Fv2%2Fcomments&post=159"}],"version-history":[{"count":19,"href":"https:\/\/aina-medizinabrechnung.de\/index.php?rest_route=\/wp\/v2\/pages\/159\/revisions"}],"predecessor-version":[{"id":491,"href":"https:\/\/aina-medizinabrechnung.de\/index.php?rest_route=\/wp\/v2\/pages\/159\/revisions\/491"}],"wp:attachment":[{"href":"https:\/\/aina-medizinabrechnung.de\/index.php?rest_route=%2Fwp%2Fv2%2Fmedia&parent=159"}],"curies":[{"name":"wp","href":"https:\/\/api.w.org\/{rel}","templated":true}]}}