{"id":149,"date":"2025-12-15T17:40:51","date_gmt":"2025-12-15T17:40:51","guid":{"rendered":"https:\/\/aina-medizinabrechnung.de\/?page_id=149"},"modified":"2025-12-19T12:03:24","modified_gmt":"2025-12-19T12:03:24","slug":"teamcoach","status":"publish","type":"page","link":"https:\/\/aina-medizinabrechnung.de\/?page_id=149","title":{"rendered":"Teamcoach"},"content":{"rendered":"\t\t<div data-elementor-type=\"wp-page\" data-elementor-id=\"149\" class=\"elementor elementor-149\" data-elementor-post-type=\"page\">\n\t\t\t\t<div class=\"elementor-element elementor-element-102e80bb e-con-full e-flex e-con e-parent\" data-id=\"102e80bb\" data-element_type=\"container\" data-settings=\"{&quot;background_background&quot;:&quot;classic&quot;}\">\n\t\t\t\t<\/div>\n\t\t<div class=\"elementor-element elementor-element-209579c1 e-con-full e-flex e-con e-parent\" data-id=\"209579c1\" data-element_type=\"container\" data-settings=\"{&quot;background_background&quot;:&quot;gradient&quot;,&quot;sticky_on&quot;:[&quot;desktop&quot;,&quot;tablet&quot;],&quot;sticky&quot;:&quot;top&quot;,&quot;sticky_offset&quot;:102,&quot;sticky_effects_offset&quot;:0,&quot;sticky_anchor_link_offset&quot;:0}\">\n\t\t<div class=\"elementor-element elementor-element-2d6f18ed e-con-full e-flex e-con e-child\" data-id=\"2d6f18ed\" data-element_type=\"container\">\n\t\t\t\t<div class=\"elementor-element elementor-element-62ecabb5 elementor-nav-menu__align-center elementor-nav-menu--dropdown-none elementor-widget elementor-widget-nav-menu\" data-id=\"62ecabb5\" data-element_type=\"widget\" data-settings=\"{&quot;layout&quot;:&quot;horizontal&quot;,&quot;submenu_icon&quot;:{&quot;value&quot;:&quot;&lt;svg aria-hidden=\\&quot;true\\&quot; class=\\&quot;e-font-icon-svg e-fas-caret-down\\&quot; viewBox=\\&quot;0 0 320 512\\&quot; xmlns=\\&quot;http:\\\/\\\/www.w3.org\\\/2000\\\/svg\\&quot;&gt;&lt;path d=\\&quot;M31.3 192h257.3c17.8 0 26.7 21.5 14.1 34.1L174.1 354.8c-7.8 7.8-20.5 7.8-28.3 0L17.2 226.1C4.6 213.5 13.5 192 31.3 192z\\&quot;&gt;&lt;\\\/path&gt;&lt;\\\/svg&gt;&quot;,&quot;library&quot;:&quot;fa-solid&quot;}}\" data-widget_type=\"nav-menu.default\">\n\t\t\t\t\t\t\t\t<nav aria-label=\"Menu\" class=\"elementor-nav-menu--main elementor-nav-menu__container elementor-nav-menu--layout-horizontal e--pointer-none\">\r\n\t\t\t\t<ul id=\"menu-1-62ecabb5\" class=\"elementor-nav-menu\"><li class=\"menu-item menu-item-type-post_type menu-item-object-page menu-item-169\"><a href=\"https:\/\/aina-medizinabrechnung.de\/?page_id=72\" class=\"elementor-item\">Performance<\/a><\/li>\n<li class=\"menu-item menu-item-type-post_type menu-item-object-page menu-item-167\"><a href=\"https:\/\/aina-medizinabrechnung.de\/?page_id=139\" class=\"elementor-item\">AINA Wissen<\/a><\/li>\n<li class=\"menu-item menu-item-type-post_type menu-item-object-page menu-item-168\"><a href=\"https:\/\/aina-medizinabrechnung.de\/?page_id=117\" class=\"elementor-item\">AINA HON<\/a><\/li>\n<li class=\"menu-item menu-item-type-post_type menu-item-object-page menu-item-166\"><a href=\"https:\/\/aina-medizinabrechnung.de\/?page_id=149\" class=\"elementor-item\">Teamcoach<\/a><\/li>\n<li class=\"menu-item menu-item-type-post_type menu-item-object-page menu-item-165\"><a href=\"https:\/\/aina-medizinabrechnung.de\/?page_id=154\" class=\"elementor-item\">AINA Solution<\/a><\/li>\n<li class=\"menu-item menu-item-type-post_type menu-item-object-page menu-item-164\"><a href=\"https:\/\/aina-medizinabrechnung.de\/?page_id=159\" class=\"elementor-item\">AINA 4U<\/a><\/li>\n<\/ul>\t\t\t<\/nav>\r\n\t\t\t\t\t\t<nav class=\"elementor-nav-menu--dropdown elementor-nav-menu__container\" aria-hidden=\"true\">\r\n\t\t\t\t<ul id=\"menu-2-62ecabb5\" class=\"elementor-nav-menu\"><li class=\"menu-item menu-item-type-post_type menu-item-object-page menu-item-169\"><a href=\"https:\/\/aina-medizinabrechnung.de\/?page_id=72\" class=\"elementor-item\" tabindex=\"-1\">Performance<\/a><\/li>\n<li class=\"menu-item menu-item-type-post_type menu-item-object-page menu-item-167\"><a href=\"https:\/\/aina-medizinabrechnung.de\/?page_id=139\" class=\"elementor-item\" tabindex=\"-1\">AINA Wissen<\/a><\/li>\n<li class=\"menu-item menu-item-type-post_type menu-item-object-page menu-item-168\"><a href=\"https:\/\/aina-medizinabrechnung.de\/?page_id=117\" class=\"elementor-item\" tabindex=\"-1\">AINA HON<\/a><\/li>\n<li class=\"menu-item menu-item-type-post_type menu-item-object-page menu-item-166\"><a href=\"https:\/\/aina-medizinabrechnung.de\/?page_id=149\" class=\"elementor-item\" tabindex=\"-1\">Teamcoach<\/a><\/li>\n<li class=\"menu-item menu-item-type-post_type menu-item-object-page menu-item-165\"><a href=\"https:\/\/aina-medizinabrechnung.de\/?page_id=154\" class=\"elementor-item\" tabindex=\"-1\">AINA Solution<\/a><\/li>\n<li class=\"menu-item menu-item-type-post_type menu-item-object-page menu-item-164\"><a href=\"https:\/\/aina-medizinabrechnung.de\/?page_id=159\" class=\"elementor-item\" tabindex=\"-1\">AINA 4U<\/a><\/li>\n<\/ul>\t\t\t<\/nav>\r\n\t\t\t\t\t\t<\/div>\n\t\t\t\t<\/div>\n\t\t\t\t<\/div>\n\t\t<div class=\"elementor-element elementor-element-75e21554 e-flex e-con-boxed e-con e-parent\" data-id=\"75e21554\" data-element_type=\"container\" data-settings=\"{&quot;background_background&quot;:&quot;classic&quot;}\">\n\t\t\t\t\t<div class=\"e-con-inner\">\n\t\t\t\t<div class=\"elementor-element elementor-element-65f350b7 elementor-widget elementor-widget-spacer\" data-id=\"65f350b7\" data-element_type=\"widget\" data-widget_type=\"spacer.default\">\n\t\t\t\t\t\t\t<div class=\"elementor-spacer\">\n\t\t\t<div class=\"elementor-spacer-inner\"><\/div>\n\t\t<\/div>\n\t\t\t\t\t\t<\/div>\n\t\t\t\t<div class=\"elementor-element elementor-element-679c05c3 elementor-widget elementor-widget-heading\" data-id=\"679c05c3\" data-element_type=\"widget\" data-widget_type=\"heading.default\">\n\t\t\t\t\t<h2 class=\"elementor-heading-title elementor-size-default\">\nAINA Teamcoach<\/h2>\t\t\t\t<\/div>\n\t\t\t\t<div class=\"elementor-element elementor-element-739f2965 elementor-widget elementor-widget-heading\" data-id=\"739f2965\" data-element_type=\"widget\" data-widget_type=\"heading.default\">\n\t\t\t\t\t<h2 class=\"elementor-heading-title elementor-size-default\">Schulungen und Beratung f\u00fcr Ihre Mitarbeiter und Mitarbeiterinnen\n\u200b<\/h2>\t\t\t\t<\/div>\n\t\t\t\t<div class=\"elementor-element elementor-element-f454196 elementor-widget elementor-widget-spacer\" data-id=\"f454196\" data-element_type=\"widget\" data-widget_type=\"spacer.default\">\n\t\t\t\t\t\t\t<div class=\"elementor-spacer\">\n\t\t\t<div class=\"elementor-spacer-inner\"><\/div>\n\t\t<\/div>\n\t\t\t\t\t\t<\/div>\n\t\t\t\t<div class=\"elementor-element elementor-element-647bc37 elementor-widget elementor-widget-text-editor\" data-id=\"647bc37\" data-element_type=\"widget\" data-widget_type=\"text-editor.default\">\n\t\t\t\t\t\t\t\t\t<p class=\"font_8 wixui-rich-text__text\"><span class=\"wixui-rich-text__text\">Der \u00dcbergang Ihrer Abrechnung von der eigenen Praxis zu AINA soll nahtlos vonstatten gehen. Er soll Ihnen m\u00f6glichst wenig M\u00fche machen und f\u00fcr die Patientinnen und Patienten fast unmerklich bleiben.<\/span><\/p><p class=\"font_8 wixui-rich-text__text\"><span class=\"wixui-rich-text__text\">Daf\u00fcr sorgen wir \u2013 mit Schulungen, Trainings und Beratungen f\u00fcr Ihre Praxis, deren Umfang und Inhalte individuell auf Ihre Bed\u00fcrfnisse und Besonderheiten zugeschnitten sind.<\/span><\/p><p class=\"font_8 wixui-rich-text__text\"><span class=\"wixui-rich-text__text\">Das reicht von Telefontrainings f\u00fcr Ihre Mitarbeiterinnen und Mitarbeiter, \u00fcber eine praxisnahe Beratung, wie sich durch effiziente Bestellpolitik die Ger\u00e4teauslastung verbessern l\u00e4sst, bis hin zur Optimierung von Kodierung und Dokumentation in Ihrer Praxis.<\/span><\/p><p class=\"font_8 wixui-rich-text__text\"><span class=\"wixui-rich-text__text\">AINA hilft Ihnen, Prozesse und Arbeitsabl\u00e4ufe zu vereinfachen. Das erleichtert nicht nur die Zusammenarbeit in puncto Abrechnung. Es wirkt auch nach innen. Denn reibungslose, einfache Prozesse bedeuten auch: motivierte Mitarbeiterinnen und Mitarbeiter. Und einen klaren Vorsprung als attraktiver Arbeitgeber im Wettbewerb um die besten Fachkr\u00e4fte.<\/span><\/p>\t\t\t\t\t\t\t\t<\/div>\n\t\t\t\t<div class=\"elementor-element elementor-element-156924e1 elementor-widget elementor-widget-spacer\" data-id=\"156924e1\" data-element_type=\"widget\" data-widget_type=\"spacer.default\">\n\t\t\t\t\t\t\t<div class=\"elementor-spacer\">\n\t\t\t<div class=\"elementor-spacer-inner\"><\/div>\n\t\t<\/div>\n\t\t\t\t\t\t<\/div>\n\t\t\t\t\t<\/div>\n\t\t\t\t<\/div>\n\t\t\t\t<\/div>\n\t\t","protected":false},"excerpt":{"rendered":"<p>AINA Teamcoach Schulungen und Beratung f\u00fcr Ihre Mitarbeiter und Mitarbeiterinnen \u200b Der \u00dcbergang Ihrer Abrechnung von der eigenen Praxis zu AINA soll nahtlos vonstatten gehen. Er soll Ihnen m\u00f6glichst wenig M\u00fche machen und f\u00fcr die Patientinnen und Patienten fast unmerklich bleiben. Daf\u00fcr sorgen wir \u2013 mit Schulungen, Trainings und Beratungen f\u00fcr Ihre Praxis, deren Umfang [&hellip;]<\/p>\n","protected":false},"author":1,"featured_media":0,"parent":0,"menu_order":0,"comment_status":"closed","ping_status":"closed","template":"","meta":{"inline_featured_image":false,"footnotes":""},"class_list":["post-149","page","type-page","status-publish","hentry"],"_links":{"self":[{"href":"https:\/\/aina-medizinabrechnung.de\/index.php?rest_route=\/wp\/v2\/pages\/149","targetHints":{"allow":["GET"]}}],"collection":[{"href":"https:\/\/aina-medizinabrechnung.de\/index.php?rest_route=\/wp\/v2\/pages"}],"about":[{"href":"https:\/\/aina-medizinabrechnung.de\/index.php?rest_route=\/wp\/v2\/types\/page"}],"author":[{"embeddable":true,"href":"https:\/\/aina-medizinabrechnung.de\/index.php?rest_route=\/wp\/v2\/users\/1"}],"replies":[{"embeddable":true,"href":"https:\/\/aina-medizinabrechnung.de\/index.php?rest_route=%2Fwp%2Fv2%2Fcomments&post=149"}],"version-history":[{"count":19,"href":"https:\/\/aina-medizinabrechnung.de\/index.php?rest_route=\/wp\/v2\/pages\/149\/revisions"}],"predecessor-version":[{"id":497,"href":"https:\/\/aina-medizinabrechnung.de\/index.php?rest_route=\/wp\/v2\/pages\/149\/revisions\/497"}],"wp:attachment":[{"href":"https:\/\/aina-medizinabrechnung.de\/index.php?rest_route=%2Fwp%2Fv2%2Fmedia&parent=149"}],"curies":[{"name":"wp","href":"https:\/\/api.w.org\/{rel}","templated":true}]}}