{"id":139,"date":"2025-12-15T17:35:46","date_gmt":"2025-12-15T17:35:46","guid":{"rendered":"https:\/\/aina-medizinabrechnung.de\/?page_id=139"},"modified":"2025-12-19T12:04:12","modified_gmt":"2025-12-19T12:04:12","slug":"aina-wissen","status":"publish","type":"page","link":"https:\/\/aina-medizinabrechnung.de\/?page_id=139","title":{"rendered":"AINA Wissen"},"content":{"rendered":"\t\t<div data-elementor-type=\"wp-page\" data-elementor-id=\"139\" class=\"elementor elementor-139\" data-elementor-post-type=\"page\">\n\t\t\t\t<div class=\"elementor-element elementor-element-27687405 e-con-full e-flex e-con e-parent\" data-id=\"27687405\" data-element_type=\"container\" data-settings=\"{&quot;background_background&quot;:&quot;classic&quot;}\">\n\t\t\t\t<\/div>\n\t\t<div class=\"elementor-element elementor-element-c78711e e-con-full e-flex e-con e-parent\" data-id=\"c78711e\" data-element_type=\"container\" data-settings=\"{&quot;background_background&quot;:&quot;gradient&quot;,&quot;sticky_on&quot;:[&quot;desktop&quot;,&quot;tablet&quot;],&quot;sticky&quot;:&quot;top&quot;,&quot;sticky_offset&quot;:102,&quot;sticky_effects_offset&quot;:0,&quot;sticky_anchor_link_offset&quot;:0}\">\n\t\t<div class=\"elementor-element elementor-element-16911047 e-con-full e-flex e-con e-child\" data-id=\"16911047\" data-element_type=\"container\">\n\t\t\t\t<div class=\"elementor-element elementor-element-7a15179d elementor-nav-menu__align-center elementor-nav-menu--dropdown-none elementor-widget elementor-widget-nav-menu\" data-id=\"7a15179d\" data-element_type=\"widget\" data-settings=\"{&quot;layout&quot;:&quot;horizontal&quot;,&quot;submenu_icon&quot;:{&quot;value&quot;:&quot;&lt;svg aria-hidden=\\&quot;true\\&quot; class=\\&quot;e-font-icon-svg e-fas-caret-down\\&quot; viewBox=\\&quot;0 0 320 512\\&quot; xmlns=\\&quot;http:\\\/\\\/www.w3.org\\\/2000\\\/svg\\&quot;&gt;&lt;path d=\\&quot;M31.3 192h257.3c17.8 0 26.7 21.5 14.1 34.1L174.1 354.8c-7.8 7.8-20.5 7.8-28.3 0L17.2 226.1C4.6 213.5 13.5 192 31.3 192z\\&quot;&gt;&lt;\\\/path&gt;&lt;\\\/svg&gt;&quot;,&quot;library&quot;:&quot;fa-solid&quot;}}\" data-widget_type=\"nav-menu.default\">\n\t\t\t\t\t\t\t\t<nav aria-label=\"Menu\" class=\"elementor-nav-menu--main elementor-nav-menu__container elementor-nav-menu--layout-horizontal e--pointer-none\">\r\n\t\t\t\t<ul id=\"menu-1-7a15179d\" class=\"elementor-nav-menu\"><li class=\"menu-item menu-item-type-post_type menu-item-object-page menu-item-169\"><a href=\"https:\/\/aina-medizinabrechnung.de\/?page_id=72\" class=\"elementor-item\">Performance<\/a><\/li>\n<li class=\"menu-item menu-item-type-post_type menu-item-object-page menu-item-167\"><a href=\"https:\/\/aina-medizinabrechnung.de\/?page_id=139\" class=\"elementor-item\">AINA Wissen<\/a><\/li>\n<li class=\"menu-item menu-item-type-post_type menu-item-object-page menu-item-168\"><a href=\"https:\/\/aina-medizinabrechnung.de\/?page_id=117\" class=\"elementor-item\">AINA HON<\/a><\/li>\n<li class=\"menu-item menu-item-type-post_type menu-item-object-page menu-item-166\"><a href=\"https:\/\/aina-medizinabrechnung.de\/?page_id=149\" class=\"elementor-item\">Teamcoach<\/a><\/li>\n<li class=\"menu-item menu-item-type-post_type menu-item-object-page menu-item-165\"><a href=\"https:\/\/aina-medizinabrechnung.de\/?page_id=154\" class=\"elementor-item\">AINA Solution<\/a><\/li>\n<li class=\"menu-item menu-item-type-post_type menu-item-object-page menu-item-164\"><a href=\"https:\/\/aina-medizinabrechnung.de\/?page_id=159\" class=\"elementor-item\">AINA 4U<\/a><\/li>\n<\/ul>\t\t\t<\/nav>\r\n\t\t\t\t\t\t<nav class=\"elementor-nav-menu--dropdown elementor-nav-menu__container\" aria-hidden=\"true\">\r\n\t\t\t\t<ul id=\"menu-2-7a15179d\" class=\"elementor-nav-menu\"><li class=\"menu-item menu-item-type-post_type menu-item-object-page menu-item-169\"><a href=\"https:\/\/aina-medizinabrechnung.de\/?page_id=72\" class=\"elementor-item\" tabindex=\"-1\">Performance<\/a><\/li>\n<li class=\"menu-item menu-item-type-post_type menu-item-object-page menu-item-167\"><a href=\"https:\/\/aina-medizinabrechnung.de\/?page_id=139\" class=\"elementor-item\" tabindex=\"-1\">AINA Wissen<\/a><\/li>\n<li class=\"menu-item menu-item-type-post_type menu-item-object-page menu-item-168\"><a href=\"https:\/\/aina-medizinabrechnung.de\/?page_id=117\" class=\"elementor-item\" tabindex=\"-1\">AINA HON<\/a><\/li>\n<li class=\"menu-item menu-item-type-post_type menu-item-object-page menu-item-166\"><a href=\"https:\/\/aina-medizinabrechnung.de\/?page_id=149\" class=\"elementor-item\" tabindex=\"-1\">Teamcoach<\/a><\/li>\n<li class=\"menu-item menu-item-type-post_type menu-item-object-page menu-item-165\"><a href=\"https:\/\/aina-medizinabrechnung.de\/?page_id=154\" class=\"elementor-item\" tabindex=\"-1\">AINA Solution<\/a><\/li>\n<li class=\"menu-item menu-item-type-post_type menu-item-object-page menu-item-164\"><a href=\"https:\/\/aina-medizinabrechnung.de\/?page_id=159\" class=\"elementor-item\" tabindex=\"-1\">AINA 4U<\/a><\/li>\n<\/ul>\t\t\t<\/nav>\r\n\t\t\t\t\t\t<\/div>\n\t\t\t\t<\/div>\n\t\t\t\t<\/div>\n\t\t<div class=\"elementor-element elementor-element-4768d7d3 e-flex e-con-boxed e-con e-parent\" data-id=\"4768d7d3\" data-element_type=\"container\" data-settings=\"{&quot;background_background&quot;:&quot;classic&quot;}\">\n\t\t\t\t\t<div class=\"e-con-inner\">\n\t\t\t\t<div class=\"elementor-element elementor-element-3aa07de elementor-widget elementor-widget-spacer\" data-id=\"3aa07de\" data-element_type=\"widget\" data-widget_type=\"spacer.default\">\n\t\t\t\t\t\t\t<div class=\"elementor-spacer\">\n\t\t\t<div class=\"elementor-spacer-inner\"><\/div>\n\t\t<\/div>\n\t\t\t\t\t\t<\/div>\n\t\t\t\t<div class=\"elementor-element elementor-element-2448359c elementor-widget elementor-widget-heading\" data-id=\"2448359c\" data-element_type=\"widget\" data-widget_type=\"heading.default\">\n\t\t\t\t\t<h2 class=\"elementor-heading-title elementor-size-default\">AINA Wissen<\/h2>\t\t\t\t<\/div>\n\t\t\t\t<div class=\"elementor-element elementor-element-78ef770d elementor-widget elementor-widget-heading\" data-id=\"78ef770d\" data-element_type=\"widget\" data-widget_type=\"heading.default\">\n\t\t\t\t\t<h2 class=\"elementor-heading-title elementor-size-default\">Honorarabrechnung \u2013 Trotz hoher Dynamik den Durchblick behalten - qualifizierte und rechtssichere Abrechnung<\/h2>\t\t\t\t<\/div>\n\t\t\t\t<div class=\"elementor-element elementor-element-4a3ce06a elementor-widget elementor-widget-spacer\" data-id=\"4a3ce06a\" data-element_type=\"widget\" data-widget_type=\"spacer.default\">\n\t\t\t\t\t\t\t<div class=\"elementor-spacer\">\n\t\t\t<div class=\"elementor-spacer-inner\"><\/div>\n\t\t<\/div>\n\t\t\t\t\t\t<\/div>\n\t\t\t\t<div class=\"elementor-element elementor-element-49dad229 elementor-widget elementor-widget-text-editor\" data-id=\"49dad229\" data-element_type=\"widget\" data-widget_type=\"text-editor.default\">\n\t\t\t\t\t\t\t\t\t<p class=\"font_8 wixui-rich-text__text\"><span class=\"wixui-rich-text__text\">F\u00fcr Ihre privat\u00e4rztliche Honorarabrechnung regelt die GO\u00c4` 96 was Sie Ihren Patienten in Rechnung stellen d\u00fcrfen. Doch nicht alles, was medizinisch sinnvoll und w\u00fcnschenswert ist, findet seine offensichtliche Entsprechung in den Positionen der GO\u00c4. F\u00fcr die gesetzlich versicherten Patienten, sind Sie verpflichtet, nach dem EBM in der jeweils aktuellen Fassung abzurechnen. Auch die DRG-Abrechnung hat immer wieder ihre T\u00fccken.\u00a0<\/span><\/p><p class=\"font_8 wixui-rich-text__text\"><span class=\"wixui-rich-text__text\">Die wissenschaftliche und medizinische Entwicklung ist meist schneller als der Gesetzgeber. Deshalb werden gerade innovative Leistungen immer h\u00e4ufiger in begleitenden Zus\u00e4tzen und erg\u00e4nzenden Verordnungen zur GO\u00c4 geregelt. Anders als im kontinuierlich angepassten EBM sind Sie immer mehr auf aktuelle Rechtsprechung und analoge Abrechnungsziffern angewiesen. Das macht es immer schwieriger, in allen Details den \u00dcberblick zu behalten. Auch der Aufwand f\u00fcr Dokumentation und Begr\u00fcndung steigt stetig. Ebenso ist es fast unm\u00f6glich bei den regelm\u00e4\u00dfigen \u00c4nderungen im EBM und auch im sprichw\u00f6rtlichen DRG-Dschungel auf dem Laufenden zu sein.\u00a0<\/span><\/p><p class=\"font_8 wixui-rich-text__text\"><span class=\"wixui-rich-text__text\">Unsere erfahrenen \u00c4rztinnen und \u00c4rzte helfen Ihnen, die Dynamik zu beherrschen. Sie stehen Ihnen mit Gutachten zu Ihren Abrechnungen zur Seite und beraten Sie im t\u00e4glichen Dialog in allen Fragen zur GO\u00c4. F\u00fcr Unterst\u00fctzung stehen Ihnen unsere EBM und DRG-Experten f\u00fcr Schulungen und Beratungen zur Verf\u00fcgung. Rufen Sie uns einfach an! Wir helfen Ihnen \u2013 damit Sie Ihren Patientinnen und Patienten die beste Behandlung und Therapie anbieten k\u00f6nnen und diese auch bezahlt bekommen.<\/span><\/p>\t\t\t\t\t\t\t\t<\/div>\n\t\t\t\t<div class=\"elementor-element elementor-element-3ac8aba6 elementor-widget elementor-widget-spacer\" data-id=\"3ac8aba6\" data-element_type=\"widget\" data-widget_type=\"spacer.default\">\n\t\t\t\t\t\t\t<div class=\"elementor-spacer\">\n\t\t\t<div class=\"elementor-spacer-inner\"><\/div>\n\t\t<\/div>\n\t\t\t\t\t\t<\/div>\n\t\t\t\t\t<\/div>\n\t\t\t\t<\/div>\n\t\t\t\t<\/div>\n\t\t","protected":false},"excerpt":{"rendered":"<p>AINA Wissen Honorarabrechnung \u2013 Trotz hoher Dynamik den Durchblick behalten &#8211; qualifizierte und rechtssichere Abrechnung F\u00fcr Ihre privat\u00e4rztliche Honorarabrechnung regelt die GO\u00c4` 96 was Sie Ihren Patienten in Rechnung stellen d\u00fcrfen. Doch nicht alles, was medizinisch sinnvoll und w\u00fcnschenswert ist, findet seine offensichtliche Entsprechung in den Positionen der GO\u00c4. F\u00fcr die gesetzlich versicherten Patienten, sind [&hellip;]<\/p>\n","protected":false},"author":1,"featured_media":0,"parent":0,"menu_order":0,"comment_status":"closed","ping_status":"closed","template":"","meta":{"inline_featured_image":false,"footnotes":""},"class_list":["post-139","page","type-page","status-publish","hentry"],"_links":{"self":[{"href":"https:\/\/aina-medizinabrechnung.de\/index.php?rest_route=\/wp\/v2\/pages\/139","targetHints":{"allow":["GET"]}}],"collection":[{"href":"https:\/\/aina-medizinabrechnung.de\/index.php?rest_route=\/wp\/v2\/pages"}],"about":[{"href":"https:\/\/aina-medizinabrechnung.de\/index.php?rest_route=\/wp\/v2\/types\/page"}],"author":[{"embeddable":true,"href":"https:\/\/aina-medizinabrechnung.de\/index.php?rest_route=\/wp\/v2\/users\/1"}],"replies":[{"embeddable":true,"href":"https:\/\/aina-medizinabrechnung.de\/index.php?rest_route=%2Fwp%2Fv2%2Fcomments&post=139"}],"version-history":[{"count":19,"href":"https:\/\/aina-medizinabrechnung.de\/index.php?rest_route=\/wp\/v2\/pages\/139\/revisions"}],"predecessor-version":[{"id":500,"href":"https:\/\/aina-medizinabrechnung.de\/index.php?rest_route=\/wp\/v2\/pages\/139\/revisions\/500"}],"wp:attachment":[{"href":"https:\/\/aina-medizinabrechnung.de\/index.php?rest_route=%2Fwp%2Fv2%2Fmedia&parent=139"}],"curies":[{"name":"wp","href":"https:\/\/api.w.org\/{rel}","templated":true}]}}