{"id":117,"date":"2025-12-15T17:26:55","date_gmt":"2025-12-15T17:26:55","guid":{"rendered":"https:\/\/aina-medizinabrechnung.de\/?page_id=117"},"modified":"2025-12-19T12:04:38","modified_gmt":"2025-12-19T12:04:38","slug":"aina-hon-qualifizierte-abrechnung","status":"publish","type":"page","link":"https:\/\/aina-medizinabrechnung.de\/?page_id=117","title":{"rendered":"AINA HON &#8211; qualifizierte Abrechnung"},"content":{"rendered":"\t\t<div data-elementor-type=\"wp-page\" data-elementor-id=\"117\" class=\"elementor elementor-117\" data-elementor-post-type=\"page\">\n\t\t\t\t<div class=\"elementor-element elementor-element-19860c04 e-con-full e-flex e-con e-parent\" data-id=\"19860c04\" data-element_type=\"container\" data-settings=\"{&quot;background_background&quot;:&quot;classic&quot;}\">\n\t\t\t\t<\/div>\n\t\t<div class=\"elementor-element elementor-element-5d7c5bbc e-con-full e-flex e-con e-parent\" data-id=\"5d7c5bbc\" data-element_type=\"container\" data-settings=\"{&quot;background_background&quot;:&quot;gradient&quot;,&quot;sticky_on&quot;:[&quot;desktop&quot;,&quot;tablet&quot;],&quot;sticky&quot;:&quot;top&quot;,&quot;sticky_offset&quot;:102,&quot;sticky_effects_offset&quot;:0,&quot;sticky_anchor_link_offset&quot;:0}\">\n\t\t<div class=\"elementor-element elementor-element-5e457b52 e-con-full e-flex e-con e-child\" data-id=\"5e457b52\" data-element_type=\"container\">\n\t\t\t\t<div class=\"elementor-element elementor-element-4730085a elementor-nav-menu__align-center elementor-nav-menu--dropdown-none elementor-widget elementor-widget-nav-menu\" data-id=\"4730085a\" data-element_type=\"widget\" data-settings=\"{&quot;layout&quot;:&quot;horizontal&quot;,&quot;submenu_icon&quot;:{&quot;value&quot;:&quot;&lt;svg aria-hidden=\\&quot;true\\&quot; class=\\&quot;e-font-icon-svg e-fas-caret-down\\&quot; viewBox=\\&quot;0 0 320 512\\&quot; xmlns=\\&quot;http:\\\/\\\/www.w3.org\\\/2000\\\/svg\\&quot;&gt;&lt;path d=\\&quot;M31.3 192h257.3c17.8 0 26.7 21.5 14.1 34.1L174.1 354.8c-7.8 7.8-20.5 7.8-28.3 0L17.2 226.1C4.6 213.5 13.5 192 31.3 192z\\&quot;&gt;&lt;\\\/path&gt;&lt;\\\/svg&gt;&quot;,&quot;library&quot;:&quot;fa-solid&quot;}}\" data-widget_type=\"nav-menu.default\">\n\t\t\t\t\t\t\t\t<nav aria-label=\"Menu\" class=\"elementor-nav-menu--main elementor-nav-menu__container elementor-nav-menu--layout-horizontal e--pointer-none\">\r\n\t\t\t\t<ul id=\"menu-1-4730085a\" class=\"elementor-nav-menu\"><li class=\"menu-item menu-item-type-post_type menu-item-object-page menu-item-169\"><a href=\"https:\/\/aina-medizinabrechnung.de\/?page_id=72\" class=\"elementor-item\">Performance<\/a><\/li>\n<li class=\"menu-item menu-item-type-post_type menu-item-object-page menu-item-167\"><a href=\"https:\/\/aina-medizinabrechnung.de\/?page_id=139\" class=\"elementor-item\">AINA Wissen<\/a><\/li>\n<li class=\"menu-item menu-item-type-post_type menu-item-object-page menu-item-168\"><a href=\"https:\/\/aina-medizinabrechnung.de\/?page_id=117\" class=\"elementor-item\">AINA HON<\/a><\/li>\n<li class=\"menu-item menu-item-type-post_type menu-item-object-page menu-item-166\"><a href=\"https:\/\/aina-medizinabrechnung.de\/?page_id=149\" class=\"elementor-item\">Teamcoach<\/a><\/li>\n<li class=\"menu-item menu-item-type-post_type menu-item-object-page menu-item-165\"><a href=\"https:\/\/aina-medizinabrechnung.de\/?page_id=154\" class=\"elementor-item\">AINA Solution<\/a><\/li>\n<li class=\"menu-item menu-item-type-post_type menu-item-object-page menu-item-164\"><a href=\"https:\/\/aina-medizinabrechnung.de\/?page_id=159\" class=\"elementor-item\">AINA 4U<\/a><\/li>\n<\/ul>\t\t\t<\/nav>\r\n\t\t\t\t\t\t<nav class=\"elementor-nav-menu--dropdown elementor-nav-menu__container\" aria-hidden=\"true\">\r\n\t\t\t\t<ul id=\"menu-2-4730085a\" class=\"elementor-nav-menu\"><li class=\"menu-item menu-item-type-post_type menu-item-object-page menu-item-169\"><a href=\"https:\/\/aina-medizinabrechnung.de\/?page_id=72\" class=\"elementor-item\" tabindex=\"-1\">Performance<\/a><\/li>\n<li class=\"menu-item menu-item-type-post_type menu-item-object-page menu-item-167\"><a href=\"https:\/\/aina-medizinabrechnung.de\/?page_id=139\" class=\"elementor-item\" tabindex=\"-1\">AINA Wissen<\/a><\/li>\n<li class=\"menu-item menu-item-type-post_type menu-item-object-page menu-item-168\"><a href=\"https:\/\/aina-medizinabrechnung.de\/?page_id=117\" class=\"elementor-item\" tabindex=\"-1\">AINA HON<\/a><\/li>\n<li class=\"menu-item menu-item-type-post_type menu-item-object-page menu-item-166\"><a href=\"https:\/\/aina-medizinabrechnung.de\/?page_id=149\" class=\"elementor-item\" tabindex=\"-1\">Teamcoach<\/a><\/li>\n<li class=\"menu-item menu-item-type-post_type menu-item-object-page menu-item-165\"><a href=\"https:\/\/aina-medizinabrechnung.de\/?page_id=154\" class=\"elementor-item\" tabindex=\"-1\">AINA Solution<\/a><\/li>\n<li class=\"menu-item menu-item-type-post_type menu-item-object-page menu-item-164\"><a href=\"https:\/\/aina-medizinabrechnung.de\/?page_id=159\" class=\"elementor-item\" tabindex=\"-1\">AINA 4U<\/a><\/li>\n<\/ul>\t\t\t<\/nav>\r\n\t\t\t\t\t\t<\/div>\n\t\t\t\t<\/div>\n\t\t\t\t<\/div>\n\t\t<div class=\"elementor-element elementor-element-42440965 e-flex e-con-boxed e-con e-parent\" data-id=\"42440965\" data-element_type=\"container\" data-settings=\"{&quot;background_background&quot;:&quot;classic&quot;}\">\n\t\t\t\t\t<div class=\"e-con-inner\">\n\t\t\t\t<div class=\"elementor-element elementor-element-25c54996 elementor-widget elementor-widget-spacer\" data-id=\"25c54996\" data-element_type=\"widget\" data-widget_type=\"spacer.default\">\n\t\t\t\t\t\t\t<div class=\"elementor-spacer\">\n\t\t\t<div class=\"elementor-spacer-inner\"><\/div>\n\t\t<\/div>\n\t\t\t\t\t\t<\/div>\n\t\t\t\t<div class=\"elementor-element elementor-element-501a31fe elementor-widget elementor-widget-heading\" data-id=\"501a31fe\" data-element_type=\"widget\" data-widget_type=\"heading.default\">\n\t\t\t\t\t<h2 class=\"elementor-heading-title elementor-size-default\">Abrechnung<br>\nGO\u00c4, DRG, IGeL<\/h2>\t\t\t\t<\/div>\n\t\t\t\t<div class=\"elementor-element elementor-element-77bea6e elementor-widget elementor-widget-heading\" data-id=\"77bea6e\" data-element_type=\"widget\" data-widget_type=\"heading.default\">\n\t\t\t\t\t<h2 class=\"elementor-heading-title elementor-size-default\">Weil das Heilen im Mittelpunkt steht<\/h2>\t\t\t\t<\/div>\n\t\t\t\t<div class=\"elementor-element elementor-element-6df4502b elementor-widget elementor-widget-spacer\" data-id=\"6df4502b\" data-element_type=\"widget\" data-widget_type=\"spacer.default\">\n\t\t\t\t\t\t\t<div class=\"elementor-spacer\">\n\t\t\t<div class=\"elementor-spacer-inner\"><\/div>\n\t\t<\/div>\n\t\t\t\t\t\t<\/div>\n\t\t\t\t<div class=\"elementor-element elementor-element-578ca469 elementor-widget elementor-widget-text-editor\" data-id=\"578ca469\" data-element_type=\"widget\" data-widget_type=\"text-editor.default\">\n\t\t\t\t\t\t\t\t\t<p class=\"font_8 wixui-rich-text__text\"><span class=\"wixui-rich-text__text\">AINA betreut aktuell rund 100 niedergelassene und station\u00e4r t\u00e4tige \u00c4rzte in ganz Deutschland sowohl in der privat\u00e4rztlichen als auch in der DRG- und EBM gest\u00fctzten Abrechnung. Unser Team ist seit 1994 in der Disziplin des medizinischen Abrechnungswesens zuhause. Als \u00c4rztinnen und \u00c4rzte garantieren wir unseren Kollegen die fachliche Kompetenz und die geb\u00fchrenrechtliche Expertise, die nur therapieerfahrene Kollegen\/Innen bieten k\u00f6nnen. Gemeinsam mit unseren Partnern im Medizinrecht stehen Ihnen Experten f\u00fcr alle schwierigen Abrechnungsthemen zur Verf\u00fcgung.<\/span><\/p><p class=\"font_8 wixui-rich-text__text\"><span class=\"wixui-rich-text__text\">Als Arzt wollen Sie sich ganz auf Ihre Patienten und Ihre medizinischen Aufgaben konzentrieren. AINA verschafft Ihnen den Freiraum, den Sie daf\u00fcr brauchen \u2013 ohne Mitgliedsgeb\u00fchren, ohne Spezialsoftware und bei voller Kostenkontrolle. Unsere\u00a0<a class=\"wixui-rich-text__text\" href=\"https:\/\/www.arztabrechnung-online.de\/lipke-lipke\/wissen-und-koennen\/\" target=\"_blank\" rel=\"noreferrer noopener\">\u00c4rztinnen, \u00c4rzte und Arzthelferinnen<\/a>\u00a0und Praxismanagerinnen sind jederzeit f\u00fcr Sie und Ihre Patientinnen und Patienten erreichbar.\u00a0<\/span><\/p><p class=\"font_8 wixui-rich-text__text\"><span class=\"wixui-rich-text__text\">Egal welche Abrechnungsform am besten passt &#8211; wir finden gemeinsam das Optimum f\u00fcr Sie \u2013 sodass Sie sich wirklich intensiv und ohne fachfremden Stress um Ihre Patienten k\u00fcmmern k\u00f6nnen \u2013 alles andere erledigen wir f\u00fcr Sie.<\/span><\/p>\t\t\t\t\t\t\t\t<\/div>\n\t\t\t\t<div class=\"elementor-element elementor-element-f4004e8 elementor-widget elementor-widget-spacer\" data-id=\"f4004e8\" data-element_type=\"widget\" data-widget_type=\"spacer.default\">\n\t\t\t\t\t\t\t<div class=\"elementor-spacer\">\n\t\t\t<div class=\"elementor-spacer-inner\"><\/div>\n\t\t<\/div>\n\t\t\t\t\t\t<\/div>\n\t\t\t\t\t<\/div>\n\t\t\t\t<\/div>\n\t\t\t\t<\/div>\n\t\t","protected":false},"excerpt":{"rendered":"<p>Abrechnung GO\u00c4, DRG, IGeL Weil das Heilen im Mittelpunkt steht AINA betreut aktuell rund 100 niedergelassene und station\u00e4r t\u00e4tige \u00c4rzte in ganz Deutschland sowohl in der privat\u00e4rztlichen als auch in der DRG- und EBM gest\u00fctzten Abrechnung. Unser Team ist seit 1994 in der Disziplin des medizinischen Abrechnungswesens zuhause. Als \u00c4rztinnen und \u00c4rzte garantieren wir unseren [&hellip;]<\/p>\n","protected":false},"author":1,"featured_media":0,"parent":0,"menu_order":0,"comment_status":"closed","ping_status":"closed","template":"","meta":{"inline_featured_image":false,"footnotes":""},"class_list":["post-117","page","type-page","status-publish","hentry"],"_links":{"self":[{"href":"https:\/\/aina-medizinabrechnung.de\/index.php?rest_route=\/wp\/v2\/pages\/117","targetHints":{"allow":["GET"]}}],"collection":[{"href":"https:\/\/aina-medizinabrechnung.de\/index.php?rest_route=\/wp\/v2\/pages"}],"about":[{"href":"https:\/\/aina-medizinabrechnung.de\/index.php?rest_route=\/wp\/v2\/types\/page"}],"author":[{"embeddable":true,"href":"https:\/\/aina-medizinabrechnung.de\/index.php?rest_route=\/wp\/v2\/users\/1"}],"replies":[{"embeddable":true,"href":"https:\/\/aina-medizinabrechnung.de\/index.php?rest_route=%2Fwp%2Fv2%2Fcomments&post=117"}],"version-history":[{"count":31,"href":"https:\/\/aina-medizinabrechnung.de\/index.php?rest_route=\/wp\/v2\/pages\/117\/revisions"}],"predecessor-version":[{"id":503,"href":"https:\/\/aina-medizinabrechnung.de\/index.php?rest_route=\/wp\/v2\/pages\/117\/revisions\/503"}],"wp:attachment":[{"href":"https:\/\/aina-medizinabrechnung.de\/index.php?rest_route=%2Fwp%2Fv2%2Fmedia&parent=117"}],"curies":[{"name":"wp","href":"https:\/\/api.w.org\/{rel}","templated":true}]}}